{"id":12,"date":"2025-10-07T14:07:38","date_gmt":"2025-10-07T12:07:38","guid":{"rendered":"https:\/\/lilyallonneau.fr\/?page_id=12"},"modified":"2026-04-09T10:21:01","modified_gmt":"2026-04-09T08:21:01","slug":"accueil","status":"publish","type":"page","link":"https:\/\/lilyallonneau.fr\/","title":{"rendered":"Accueil"},"content":{"rendered":"\t\t<div data-elementor-type=\"wp-page\" data-elementor-id=\"12\" class=\"elementor elementor-12\">\n\t\t\t\t<div class=\"elementor-element elementor-element-de3a4d4 e-flex e-con-boxed e-con e-parent\" data-id=\"de3a4d4\" data-element_type=\"container\" data-e-type=\"container\">\n\t\t\t\t\t<div class=\"e-con-inner\">\n\t\t<div class=\"elementor-element elementor-element-93528bf e-con-full e-flex e-con e-child\" data-id=\"93528bf\" data-element_type=\"container\" data-e-type=\"container\">\n\t\t\t\t<div class=\"elementor-element elementor-element-52a54fd elementor-widget elementor-widget-heading\" data-id=\"52a54fd\" data-element_type=\"widget\" data-e-type=\"widget\" data-widget_type=\"heading.default\">\n\t\t\t\t<div class=\"elementor-widget-container\">\n\t\t\t\t\t<h2 class=\"elementor-heading-title elementor-size-default\">Lily Allonneau<\/h2>\t\t\t\t<\/div>\n\t\t\t\t<\/div>\n\t\t\t\t<div class=\"elementor-element elementor-element-d2ccae5 elementor-widget elementor-widget-heading\" data-id=\"d2ccae5\" data-element_type=\"widget\" data-e-type=\"widget\" data-widget_type=\"heading.default\">\n\t\t\t\t<div class=\"elementor-widget-container\">\n\t\t\t\t\t<h2 class=\"elementor-heading-title elementor-size-default\">charg\u00e9e de communication en alternance<\/h2>\t\t\t\t<\/div>\n\t\t\t\t<\/div>\n\t\t\t\t<div class=\"elementor-element elementor-element-0c1e60d elementor-button-info elementor-align-center elementor-widget elementor-widget-button\" data-id=\"0c1e60d\" data-element_type=\"widget\" data-e-type=\"widget\" data-widget_type=\"button.default\">\n\t\t\t\t<div class=\"elementor-widget-container\">\n\t\t\t\t\t\t\t\t\t<div class=\"elementor-button-wrapper\">\n\t\t\t\t\t<a class=\"elementor-button elementor-button-link elementor-size-sm\" href=\"https:\/\/lilyallonneau.fr\/index.php\/me-decouvrir\/\">\n\t\t\t\t\t\t<span class=\"elementor-button-content-wrapper\">\n\t\t\t\t\t\t\t\t\t<span class=\"elementor-button-text\">\u2193 Me d\u00e9couvrir \u2193<\/span>\n\t\t\t\t\t<\/span>\n\t\t\t\t\t<\/a>\n\t\t\t\t<\/div>\n\t\t\t\t\t\t\t\t<\/div>\n\t\t\t\t<\/div>\n\t\t\t\t<\/div>\n\t\t<div class=\"elementor-element elementor-element-0069c59 e-con-full e-flex e-con e-child\" data-id=\"0069c59\" data-element_type=\"container\" data-e-type=\"container\">\n\t\t\t\t<div class=\"elementor-element elementor-element-7332566 elementor-widget elementor-widget-image\" data-id=\"7332566\" data-element_type=\"widget\" data-e-type=\"widget\" data-widget_type=\"image.default\">\n\t\t\t\t<div class=\"elementor-widget-container\">\n\t\t\t\t\t\t\t\t\t\t\t\t\t\t\t<img fetchpriority=\"high\" decoding=\"async\" width=\"1024\" height=\"1024\" src=\"https:\/\/lilyallonneau.fr\/wp-content\/uploads\/2025\/10\/7063E2B5-7DE3-4096-8338-DA5DAA384544.png\" class=\"attachment-full size-full wp-image-61\" alt=\"\" srcset=\"https:\/\/lilyallonneau.fr\/wp-content\/uploads\/2025\/10\/7063E2B5-7DE3-4096-8338-DA5DAA384544.png 1024w, https:\/\/lilyallonneau.fr\/wp-content\/uploads\/2025\/10\/7063E2B5-7DE3-4096-8338-DA5DAA384544-300x300.png 300w, https:\/\/lilyallonneau.fr\/wp-content\/uploads\/2025\/10\/7063E2B5-7DE3-4096-8338-DA5DAA384544-150x150.png 150w, https:\/\/lilyallonneau.fr\/wp-content\/uploads\/2025\/10\/7063E2B5-7DE3-4096-8338-DA5DAA384544-768x768.png 768w\" sizes=\"(max-width: 1024px) 100vw, 1024px\" \/>\t\t\t\t\t\t\t\t\t\t\t\t\t\t\t<\/div>\n\t\t\t\t<\/div>\n\t\t\t\t<\/div>\n\t\t<div class=\"elementor-element elementor-element-987facc e-con-full e-flex e-con e-child\" data-id=\"987facc\" data-element_type=\"container\" data-e-type=\"container\">\n\t\t\t\t<div class=\"elementor-element elementor-element-ac95dd5 elementor-widget elementor-widget-image\" data-id=\"ac95dd5\" data-element_type=\"widget\" data-e-type=\"widget\" data-widget_type=\"image.default\">\n\t\t\t\t<div class=\"elementor-widget-container\">\n\t\t\t\t\t\t\t\t\t\t\t\t\t\t\t<img decoding=\"async\" width=\"308\" height=\"1024\" src=\"https:\/\/lilyallonneau.fr\/wp-content\/uploads\/2025\/10\/Capture-decran-2025-10-14-a-14.40.50-308x1024.png\" class=\"attachment-large size-large wp-image-59\" alt=\"\" srcset=\"https:\/\/lilyallonneau.fr\/wp-content\/uploads\/2025\/10\/Capture-decran-2025-10-14-a-14.40.50-308x1024.png 308w, https:\/\/lilyallonneau.fr\/wp-content\/uploads\/2025\/10\/Capture-decran-2025-10-14-a-14.40.50-90x300.png 90w, https:\/\/lilyallonneau.fr\/wp-content\/uploads\/2025\/10\/Capture-decran-2025-10-14-a-14.40.50.png 396w\" sizes=\"(max-width: 308px) 100vw, 308px\" \/>\t\t\t\t\t\t\t\t\t\t\t\t\t\t\t<\/div>\n\t\t\t\t<\/div>\n\t\t\t\t<\/div>\n\t\t\t\t\t<\/div>\n\t\t\t\t<\/div>\n\t\t<div class=\"elementor-element elementor-element-3f58960 e-flex e-con-boxed e-con e-parent\" data-id=\"3f58960\" data-element_type=\"container\" data-e-type=\"container\">\n\t\t\t\t\t<div class=\"e-con-inner\">\n\t\t<div class=\"elementor-element elementor-element-4318c86 e-con-full e-flex e-con e-child\" data-id=\"4318c86\" data-element_type=\"container\" data-e-type=\"container\">\n\t\t\t\t<\/div>\n\t\t\t\t<div class=\"elementor-element elementor-element-90016ce elementor-widget__width-initial elementor-widget elementor-widget-text-editor\" data-id=\"90016ce\" data-element_type=\"widget\" data-e-type=\"widget\" data-widget_type=\"text-editor.default\">\n\t\t\t\t<div class=\"elementor-widget-container\">\n\t\t\t\t\t\t\t\t\t<p><span style=\"text-decoration: underline;\">IMAGE G\u00c9N\u00c9R\u00c9E AVEC LE PROMPT CI-DESSOUS : <\/span><\/p><p>Using the reference photo, generate an illustration of me in a Disney style, working on my navy blue MacBook. In the image, I should be focused on my computer but smiling, and talking on the phone at the same time. Add my daily accessories next to the computer: a cutter, tape, a pastel pink highlighter, and a KitKat. The format must be square. My glasses should be gray. My eyes are blue.<\/p>\t\t\t\t\t\t\t\t<\/div>\n\t\t\t\t<\/div>\n\t\t\t\t\t<\/div>\n\t\t\t\t<\/div>\n\t\t\t\t<\/div>\n\t\t","protected":false},"excerpt":{"rendered":"<p>Lily Allonneau charg\u00e9e de communication en alternance \u2193 Me d\u00e9couvrir \u2193 IMAGE G\u00c9N\u00c9R\u00c9E AVEC LE PROMPT CI-DESSOUS : Using the reference photo, generate an illustration of me in a Disney style, working on my navy blue MacBook. In the image, I should be focused on my computer but smiling, and talking on the phone at [&hellip;]<\/p>\n","protected":false},"author":1,"featured_media":0,"parent":0,"menu_order":0,"comment_status":"closed","ping_status":"closed","template":"","meta":{"footnotes":""},"class_list":["post-12","page","type-page","status-publish","hentry"],"_links":{"self":[{"href":"https:\/\/lilyallonneau.fr\/index.php\/wp-json\/wp\/v2\/pages\/12","targetHints":{"allow":["GET"]}}],"collection":[{"href":"https:\/\/lilyallonneau.fr\/index.php\/wp-json\/wp\/v2\/pages"}],"about":[{"href":"https:\/\/lilyallonneau.fr\/index.php\/wp-json\/wp\/v2\/types\/page"}],"author":[{"embeddable":true,"href":"https:\/\/lilyallonneau.fr\/index.php\/wp-json\/wp\/v2\/users\/1"}],"replies":[{"embeddable":true,"href":"https:\/\/lilyallonneau.fr\/index.php\/wp-json\/wp\/v2\/comments?post=12"}],"version-history":[{"count":49,"href":"https:\/\/lilyallonneau.fr\/index.php\/wp-json\/wp\/v2\/pages\/12\/revisions"}],"predecessor-version":[{"id":1036,"href":"https:\/\/lilyallonneau.fr\/index.php\/wp-json\/wp\/v2\/pages\/12\/revisions\/1036"}],"wp:attachment":[{"href":"https:\/\/lilyallonneau.fr\/index.php\/wp-json\/wp\/v2\/media?parent=12"}],"curies":[{"name":"wp","href":"https:\/\/api.w.org\/{rel}","templated":true}]}}