{"id":15,"date":"2025-10-07T15:01:26","date_gmt":"2025-10-07T13:01:26","guid":{"rendered":"https:\/\/lilyallonneau.fr\/?page_id=15"},"modified":"2026-04-09T10:22:28","modified_gmt":"2026-04-09T08:22:28","slug":"me-decouvrir","status":"publish","type":"page","link":"https:\/\/lilyallonneau.fr\/index.php\/me-decouvrir\/","title":{"rendered":"Me d\u00e9couvrir"},"content":{"rendered":"\t\t<div data-elementor-type=\"wp-page\" data-elementor-id=\"15\" class=\"elementor elementor-15\">\n\t\t\t\t<div class=\"elementor-element elementor-element-447040b e-con-full e-flex e-con e-parent\" data-id=\"447040b\" data-element_type=\"container\" data-e-type=\"container\">\n\t\t\t\t<div class=\"elementor-element elementor-element-1b8dacf elementor-widget elementor-widget-heading\" data-id=\"1b8dacf\" data-element_type=\"widget\" data-e-type=\"widget\" data-widget_type=\"heading.default\">\n\t\t\t\t<div class=\"elementor-widget-container\">\n\t\t\t\t\t<h2 class=\"elementor-heading-title elementor-size-default\">Me d\u00e9couvrir<\/h2>\t\t\t\t<\/div>\n\t\t\t\t<\/div>\n\t\t\t\t<\/div>\n\t\t<div class=\"elementor-element elementor-element-b7f288e e-flex e-con-boxed e-con e-parent\" data-id=\"b7f288e\" data-element_type=\"container\" data-e-type=\"container\">\n\t\t\t\t\t<div class=\"e-con-inner\">\n\t\t<div class=\"elementor-element elementor-element-0d21847 e-con-full e-flex e-con e-child\" data-id=\"0d21847\" data-element_type=\"container\" data-e-type=\"container\">\n\t\t\t\t<div class=\"elementor-element elementor-element-2785b3d elementor-widget elementor-widget-text-editor\" data-id=\"2785b3d\" data-element_type=\"widget\" data-e-type=\"widget\" data-widget_type=\"text-editor.default\">\n\t\t\t\t<div class=\"elementor-widget-container\">\n\t\t\t\t\t\t\t\t\t<p>Je m&rsquo;appelle Lily, et je suis passionn\u00e9e par la communication, plus particuli\u00e8rement la strat\u00e9gie et l&rsquo;\u00e9v\u00e8nementiel ! J&rsquo;ai au cours de ces 2 derni\u00e8res ann\u00e9es acquis des comp\u00e9tences solides gr\u00e2ce \u00e0 mes cours en BTS Communication, \u00e0 mon exp\u00e9rience en alternance en grande distribution, et \u00e0 mon b\u00e9n\u00e9volat en club de sport !<\/p><p>Curieuse et bien organis\u00e9e, je ma\u00eetrise maintenant : la cr\u00e9ation de supports visuels print et digitaux (logiciels adapt\u00e9s), la gestion des r\u00e9seaux sociaux, et l&rsquo;organisation d&rsquo;\u00e9v\u00e8nements, tant professionnels que personnels.<\/p><p>J&rsquo;aime m&rsquo;investir pleinement dans chaque projet, afin de fournir un r\u00e9sultat de qualit\u00e9 et de toujours en apprendre davantage !\u200b<\/p>\t\t\t\t\t\t\t\t<\/div>\n\t\t\t\t<\/div>\n\t\t\t\t<\/div>\n\t\t<div class=\"elementor-element elementor-element-cb7bf72 e-con-full e-flex e-con e-child\" data-id=\"cb7bf72\" data-element_type=\"container\" data-e-type=\"container\">\n\t\t\t\t<div class=\"elementor-element elementor-element-1855d0f elementor-widget elementor-widget-image\" data-id=\"1855d0f\" data-element_type=\"widget\" data-e-type=\"widget\" data-widget_type=\"image.default\">\n\t\t\t\t<div class=\"elementor-widget-container\">\n\t\t\t\t\t\t\t\t\t\t\t\t\t\t\t<img fetchpriority=\"high\" decoding=\"async\" width=\"800\" height=\"800\" src=\"https:\/\/lilyallonneau.fr\/wp-content\/uploads\/2025\/10\/7063E2B5-7DE3-4096-8338-DA5DAA384544.png\" class=\"attachment-large size-large wp-image-61\" alt=\"\" srcset=\"https:\/\/lilyallonneau.fr\/wp-content\/uploads\/2025\/10\/7063E2B5-7DE3-4096-8338-DA5DAA384544.png 1024w, https:\/\/lilyallonneau.fr\/wp-content\/uploads\/2025\/10\/7063E2B5-7DE3-4096-8338-DA5DAA384544-300x300.png 300w, https:\/\/lilyallonneau.fr\/wp-content\/uploads\/2025\/10\/7063E2B5-7DE3-4096-8338-DA5DAA384544-150x150.png 150w, https:\/\/lilyallonneau.fr\/wp-content\/uploads\/2025\/10\/7063E2B5-7DE3-4096-8338-DA5DAA384544-768x768.png 768w\" sizes=\"(max-width: 800px) 100vw, 800px\" \/>\t\t\t\t\t\t\t\t\t\t\t\t\t\t\t<\/div>\n\t\t\t\t<\/div>\n\t\t\t\t<\/div>\n\t\t\t\t\t<\/div>\n\t\t\t\t<\/div>\n\t\t<div class=\"elementor-element elementor-element-d9cbdea e-flex e-con-boxed e-con e-parent\" data-id=\"d9cbdea\" data-element_type=\"container\" data-e-type=\"container\">\n\t\t\t\t\t<div class=\"e-con-inner\">\n\t\t\t\t<div class=\"elementor-element elementor-element-f9dde53 elementor-widget-divider--view-line elementor-widget elementor-widget-divider\" data-id=\"f9dde53\" data-element_type=\"widget\" data-e-type=\"widget\" data-widget_type=\"divider.default\">\n\t\t\t\t<div class=\"elementor-widget-container\">\n\t\t\t\t\t\t\t<div class=\"elementor-divider\">\n\t\t\t<span class=\"elementor-divider-separator\">\n\t\t\t\t\t\t<\/span>\n\t\t<\/div>\n\t\t\t\t\t\t<\/div>\n\t\t\t\t<\/div>\n\t\t\t\t\t<\/div>\n\t\t\t\t<\/div>\n\t\t<div class=\"elementor-element elementor-element-c5730a9 e-flex e-con-boxed e-con e-parent\" data-id=\"c5730a9\" data-element_type=\"container\" data-e-type=\"container\">\n\t\t\t\t\t<div class=\"e-con-inner\">\n\t\t\t\t<div class=\"elementor-element elementor-element-d37fde2 elementor-widget elementor-widget-heading\" data-id=\"d37fde2\" data-element_type=\"widget\" data-e-type=\"widget\" data-widget_type=\"heading.default\">\n\t\t\t\t<div class=\"elementor-widget-container\">\n\t\t\t\t\t<h2 class=\"elementor-heading-title elementor-size-default\">Vid\u00e9o de Promotion Personnelle<\/h2>\t\t\t\t<\/div>\n\t\t\t\t<\/div>\n\t\t\t\t\t<\/div>\n\t\t\t\t<\/div>\n\t\t<div class=\"elementor-element elementor-element-30c72de e-flex e-con-boxed e-con e-parent\" data-id=\"30c72de\" data-element_type=\"container\" data-e-type=\"container\">\n\t\t\t\t\t<div class=\"e-con-inner\">\n\t\t\t\t<div class=\"elementor-element elementor-element-f98c287 elementor-widget__width-initial elementor-widget elementor-widget-video\" data-id=\"f98c287\" data-element_type=\"widget\" data-e-type=\"widget\" data-settings=\"{&quot;youtube_url&quot;:&quot;https:\\\/\\\/youtu.be\\\/YA7JfrhC2Ik?si=OK4kpk3_nUvdYKwV&quot;,&quot;video_type&quot;:&quot;youtube&quot;,&quot;controls&quot;:&quot;yes&quot;}\" data-widget_type=\"video.default\">\n\t\t\t\t<div class=\"elementor-widget-container\">\n\t\t\t\t\t\t\t<div class=\"elementor-wrapper elementor-open-inline\">\n\t\t\t<div class=\"elementor-video\"><\/div>\t\t<\/div>\n\t\t\t\t\t\t<\/div>\n\t\t\t\t<\/div>\n\t\t\t\t\t<\/div>\n\t\t\t\t<\/div>\n\t\t<div class=\"elementor-element elementor-element-1d37d15 e-flex e-con-boxed e-con e-parent\" data-id=\"1d37d15\" data-element_type=\"container\" data-e-type=\"container\">\n\t\t\t\t\t<div class=\"e-con-inner\">\n\t\t\t\t<div class=\"elementor-element elementor-element-aafc64a elementor-widget elementor-widget-text-editor\" data-id=\"aafc64a\" data-element_type=\"widget\" data-e-type=\"widget\" data-widget_type=\"text-editor.default\">\n\t\t\t\t<div class=\"elementor-widget-container\">\n\t\t\t\t\t\t\t\t\t<p><span style=\"color: #683c12;\"><span style=\"text-decoration: underline;\"><span style=\"font-weight: 400;\">BRIEF CREATIF :<\/span><\/span><span style=\"font-weight: 400;\">\u00a0<\/span><\/span><\/p><p><span style=\"font-weight: 400; color: #683c12;\"><strong>1\/<\/strong> pr\u00e9sentation g\u00e9n\u00e9rale de l\u2019annonceur : dans le cadre de ma recherche d\u2019alternance pour int\u00e9grer un bachelor en \u00e9v\u00e9nementiel en 2026, notre formatrice nous a propos\u00e9 de r\u00e9aliser un CV vid\u00e9o<\/span><\/p><p><span style=\"font-weight: 400; color: #683c12;\"><strong>2\/<\/strong> contexte : je souhaite cr\u00e9er un CV vid\u00e9o car cela me permet de me d\u00e9marquer aupr\u00e8s des recruteurs, de pr\u00e9senter mes comp\u00e9tences de mani\u00e8re cr\u00e9ative et originale, et facilitera mon embauche pour une alternance (rempli les 3 objectifs de communication).<\/span><\/p><p><span style=\"font-weight: 400; color: #683c12;\"><strong>3\/<\/strong> objectifs de l\u2019annonceur : me faire conna\u00eetre, g\u00e9n\u00e9rer plus de trafic vers mon LinkedIn,\u00a0<\/span><\/p><p>\u00a0<\/p><p><span style=\"font-weight: 400; color: #683c12;\"><strong>4\/<\/strong> cibles : cette production s\u2019adresse principalement aux recruteurs d\u2019alternants en \u00e9v\u00e8nementiel pour l\u2019ann\u00e9e 2026 (cible principale), aux recruteurs en communication (cible secondaire), mais \u00e9galement \u00e0 tout mon r\u00e9seau LinkedIn qui pourra repartager mon CV et ainsi me faire conna\u00eetre davantage (cible relais).<\/span><\/p><p><span style=\"font-weight: 400; color: #683c12;\"><strong>5\/<\/strong> contrainte : d\u00e9lai de 3 mois 1\/2 pour rendre cette production (r\u00e9troplanning d\u00e9velopp\u00e9 plus tard)<\/span><\/p><p><span style=\"font-weight: 400; color: #683c12;\"><strong>6\/<\/strong> les attentes de l\u2019annonceur : les attentes principales \u00e9taient de livrer une vid\u00e9o de maximum 2 min, cr\u00e9ative et originale, dont le montage a \u00e9t\u00e9 r\u00e9alis\u00e9 sur Premi\u00e8re pro<\/span><\/p>\t\t\t\t\t\t\t\t<\/div>\n\t\t\t\t<\/div>\n\t\t\t\t\t<\/div>\n\t\t\t\t<\/div>\n\t\t<div class=\"elementor-element elementor-element-d49dc4a e-flex e-con-boxed e-con e-parent\" data-id=\"d49dc4a\" data-element_type=\"container\" data-e-type=\"container\">\n\t\t\t\t\t<div class=\"e-con-inner\">\n\t\t<div class=\"elementor-element elementor-element-ff0c0f9 e-con-full e-flex e-con e-child\" data-id=\"ff0c0f9\" data-element_type=\"container\" data-e-type=\"container\">\n\t\t\t\t<div class=\"elementor-element elementor-element-bb43d64 elementor-widget elementor-widget-image\" data-id=\"bb43d64\" data-element_type=\"widget\" data-e-type=\"widget\" data-widget_type=\"image.default\">\n\t\t\t\t<div class=\"elementor-widget-container\">\n\t\t\t\t\t\t\t\t\t\t\t\t\t\t\t<img decoding=\"async\" width=\"1\" height=\"1\" src=\"https:\/\/lilyallonneau.fr\/wp-content\/uploads\/2025\/11\/IMG_3680.heic\" class=\"attachment-large size-large wp-image-651\" alt=\"\" \/>\t\t\t\t\t\t\t\t\t\t\t\t\t\t\t<\/div>\n\t\t\t\t<\/div>\n\t\t\t\t<\/div>\n\t\t<div class=\"elementor-element elementor-element-b66f7c2 e-con-full e-flex e-con e-child\" data-id=\"b66f7c2\" data-element_type=\"container\" data-e-type=\"container\">\n\t\t\t\t<div class=\"elementor-element elementor-element-d691474 elementor-widget elementor-widget-image\" data-id=\"d691474\" data-element_type=\"widget\" data-e-type=\"widget\" data-widget_type=\"image.default\">\n\t\t\t\t<div class=\"elementor-widget-container\">\n\t\t\t\t\t\t\t\t\t\t\t\t\t\t\t<img decoding=\"async\" width=\"800\" height=\"994\" src=\"https:\/\/lilyallonneau.fr\/wp-content\/uploads\/2025\/11\/Capture-decran-2025-05-29-a-17.31.23-824x1024.png\" class=\"attachment-large size-large wp-image-653\" alt=\"\" srcset=\"https:\/\/lilyallonneau.fr\/wp-content\/uploads\/2025\/11\/Capture-decran-2025-05-29-a-17.31.23-824x1024.png 824w, https:\/\/lilyallonneau.fr\/wp-content\/uploads\/2025\/11\/Capture-decran-2025-05-29-a-17.31.23-241x300.png 241w, https:\/\/lilyallonneau.fr\/wp-content\/uploads\/2025\/11\/Capture-decran-2025-05-29-a-17.31.23-768x954.png 768w, https:\/\/lilyallonneau.fr\/wp-content\/uploads\/2025\/11\/Capture-decran-2025-05-29-a-17.31.23-1236x1536.png 1236w, https:\/\/lilyallonneau.fr\/wp-content\/uploads\/2025\/11\/Capture-decran-2025-05-29-a-17.31.23.png 1360w\" sizes=\"(max-width: 800px) 100vw, 800px\" \/>\t\t\t\t\t\t\t\t\t\t\t\t\t\t\t<\/div>\n\t\t\t\t<\/div>\n\t\t\t\t<\/div>\n\t\t\t\t\t<\/div>\n\t\t\t\t<\/div>\n\t\t<div class=\"elementor-element elementor-element-ea77584 e-flex e-con-boxed e-con e-parent\" data-id=\"ea77584\" data-element_type=\"container\" data-e-type=\"container\">\n\t\t\t\t\t<div class=\"e-con-inner\">\n\t\t<div class=\"elementor-element elementor-element-7005c01 e-con-full e-flex e-con e-child\" data-id=\"7005c01\" data-element_type=\"container\" data-e-type=\"container\">\n\t\t\t\t<div class=\"elementor-element elementor-element-478c9b0 elementor-widget elementor-widget-image\" data-id=\"478c9b0\" data-element_type=\"widget\" data-e-type=\"widget\" data-widget_type=\"image.default\">\n\t\t\t\t<div class=\"elementor-widget-container\">\n\t\t\t\t\t\t\t\t\t\t\t\t\t\t\t<img loading=\"lazy\" decoding=\"async\" width=\"800\" height=\"377\" src=\"https:\/\/lilyallonneau.fr\/wp-content\/uploads\/2025\/11\/SWOT-CV-video-1024x483.png\" class=\"attachment-large size-large wp-image-802\" alt=\"\" srcset=\"https:\/\/lilyallonneau.fr\/wp-content\/uploads\/2025\/11\/SWOT-CV-video-1024x483.png 1024w, https:\/\/lilyallonneau.fr\/wp-content\/uploads\/2025\/11\/SWOT-CV-video-300x141.png 300w, https:\/\/lilyallonneau.fr\/wp-content\/uploads\/2025\/11\/SWOT-CV-video-768x362.png 768w, https:\/\/lilyallonneau.fr\/wp-content\/uploads\/2025\/11\/SWOT-CV-video.png 1324w\" sizes=\"(max-width: 800px) 100vw, 800px\" \/>\t\t\t\t\t\t\t\t\t\t\t\t\t\t\t<\/div>\n\t\t\t\t<\/div>\n\t\t\t\t<\/div>\n\t\t<div class=\"elementor-element elementor-element-a7f41eb e-con-full e-flex e-con e-child\" data-id=\"a7f41eb\" data-element_type=\"container\" data-e-type=\"container\">\n\t\t\t\t<div class=\"elementor-element elementor-element-fa3b4a4 elementor-widget elementor-widget-image\" data-id=\"fa3b4a4\" data-element_type=\"widget\" data-e-type=\"widget\" data-widget_type=\"image.default\">\n\t\t\t\t<div class=\"elementor-widget-container\">\n\t\t\t\t\t\t\t\t\t\t\t\t\t\t\t<img loading=\"lazy\" decoding=\"async\" width=\"800\" height=\"406\" src=\"https:\/\/lilyallonneau.fr\/wp-content\/uploads\/2025\/11\/Retro-planning-CV-video-1024x520.png\" class=\"attachment-large size-large wp-image-803\" alt=\"\" srcset=\"https:\/\/lilyallonneau.fr\/wp-content\/uploads\/2025\/11\/Retro-planning-CV-video-1024x520.png 1024w, https:\/\/lilyallonneau.fr\/wp-content\/uploads\/2025\/11\/Retro-planning-CV-video-300x152.png 300w, https:\/\/lilyallonneau.fr\/wp-content\/uploads\/2025\/11\/Retro-planning-CV-video-768x390.png 768w, https:\/\/lilyallonneau.fr\/wp-content\/uploads\/2025\/11\/Retro-planning-CV-video.png 1288w\" sizes=\"(max-width: 800px) 100vw, 800px\" \/>\t\t\t\t\t\t\t\t\t\t\t\t\t\t\t<\/div>\n\t\t\t\t<\/div>\n\t\t\t\t<\/div>\n\t\t\t\t\t<\/div>\n\t\t\t\t<\/div>\n\t\t<div class=\"elementor-element elementor-element-c4defc4 e-flex e-con-boxed e-con e-parent\" data-id=\"c4defc4\" data-element_type=\"container\" data-e-type=\"container\">\n\t\t\t\t\t<div class=\"e-con-inner\">\n\t\t\t\t<div class=\"elementor-element elementor-element-fd62a05 elementor-widget-divider--view-line elementor-widget elementor-widget-divider\" data-id=\"fd62a05\" data-element_type=\"widget\" data-e-type=\"widget\" data-widget_type=\"divider.default\">\n\t\t\t\t<div class=\"elementor-widget-container\">\n\t\t\t\t\t\t\t<div class=\"elementor-divider\">\n\t\t\t<span class=\"elementor-divider-separator\">\n\t\t\t\t\t\t<\/span>\n\t\t<\/div>\n\t\t\t\t\t\t<\/div>\n\t\t\t\t<\/div>\n\t\t\t\t<div class=\"elementor-element elementor-element-9cb241f elementor-align-center elementor-widget elementor-widget-button\" data-id=\"9cb241f\" data-element_type=\"widget\" data-e-type=\"widget\" data-widget_type=\"button.default\">\n\t\t\t\t<div class=\"elementor-widget-container\">\n\t\t\t\t\t\t\t\t\t<div class=\"elementor-button-wrapper\">\n\t\t\t\t\t<a class=\"elementor-button elementor-button-link elementor-size-sm\" href=\"https:\/\/lilyallonneau.fr\/index.php\/page-d-exemple\/\">\n\t\t\t\t\t\t<span class=\"elementor-button-content-wrapper\">\n\t\t\t\t\t\t\t\t\t<span class=\"elementor-button-text\">Mes projets<\/span>\n\t\t\t\t\t<\/span>\n\t\t\t\t\t<\/a>\n\t\t\t\t<\/div>\n\t\t\t\t\t\t\t\t<\/div>\n\t\t\t\t<\/div>\n\t\t\t\t\t<\/div>\n\t\t\t\t<\/div>\n\t\t\t\t<\/div>\n\t\t","protected":false},"excerpt":{"rendered":"<p>Me d\u00e9couvrir Je m&rsquo;appelle Lily, et je suis passionn\u00e9e par la communication, plus particuli\u00e8rement la strat\u00e9gie et l&rsquo;\u00e9v\u00e8nementiel ! J&rsquo;ai au cours de ces 2 derni\u00e8res ann\u00e9es acquis des comp\u00e9tences solides gr\u00e2ce \u00e0 mes cours en BTS Communication, \u00e0 mon exp\u00e9rience en alternance en grande distribution, et \u00e0 mon b\u00e9n\u00e9volat en club de sport ! [&hellip;]<\/p>\n","protected":false},"author":1,"featured_media":0,"parent":0,"menu_order":0,"comment_status":"closed","ping_status":"closed","template":"","meta":{"footnotes":""},"class_list":["post-15","page","type-page","status-publish","hentry"],"_links":{"self":[{"href":"https:\/\/lilyallonneau.fr\/index.php\/wp-json\/wp\/v2\/pages\/15","targetHints":{"allow":["GET"]}}],"collection":[{"href":"https:\/\/lilyallonneau.fr\/index.php\/wp-json\/wp\/v2\/pages"}],"about":[{"href":"https:\/\/lilyallonneau.fr\/index.php\/wp-json\/wp\/v2\/types\/page"}],"author":[{"embeddable":true,"href":"https:\/\/lilyallonneau.fr\/index.php\/wp-json\/wp\/v2\/users\/1"}],"replies":[{"embeddable":true,"href":"https:\/\/lilyallonneau.fr\/index.php\/wp-json\/wp\/v2\/comments?post=15"}],"version-history":[{"count":85,"href":"https:\/\/lilyallonneau.fr\/index.php\/wp-json\/wp\/v2\/pages\/15\/revisions"}],"predecessor-version":[{"id":1039,"href":"https:\/\/lilyallonneau.fr\/index.php\/wp-json\/wp\/v2\/pages\/15\/revisions\/1039"}],"wp:attachment":[{"href":"https:\/\/lilyallonneau.fr\/index.php\/wp-json\/wp\/v2\/media?parent=15"}],"curies":[{"name":"wp","href":"https:\/\/api.w.org\/{rel}","templated":true}]}}