{"id":446,"date":"2025-11-24T10:58:39","date_gmt":"2025-11-24T09:58:39","guid":{"rendered":"https:\/\/lilyallonneau.fr\/?page_id=446"},"modified":"2026-04-09T09:20:56","modified_gmt":"2026-04-09T07:20:56","slug":"projet-2","status":"publish","type":"page","link":"https:\/\/lilyallonneau.fr\/index.php\/projet-2\/","title":{"rendered":"PROJET 3"},"content":{"rendered":"\t\t<div data-elementor-type=\"wp-page\" data-elementor-id=\"446\" class=\"elementor elementor-446\">\n\t\t\t\t<div class=\"elementor-element elementor-element-cf2ef5b e-flex e-con-boxed e-con e-parent\" data-id=\"cf2ef5b\" data-element_type=\"container\" data-e-type=\"container\">\n\t\t\t\t\t<div class=\"e-con-inner\">\n\t\t<div class=\"elementor-element elementor-element-8b752de e-con-full e-flex e-con e-child\" data-id=\"8b752de\" data-element_type=\"container\" data-e-type=\"container\">\n\t\t\t\t<div class=\"elementor-element elementor-element-8de780a elementor-widget elementor-widget-heading\" data-id=\"8de780a\" data-element_type=\"widget\" data-e-type=\"widget\" data-widget_type=\"heading.default\">\n\t\t\t\t<div class=\"elementor-widget-container\">\n\t\t\t\t\t<h2 class=\"elementor-heading-title elementor-size-default\">Projet 3<\/h2>\t\t\t\t<\/div>\n\t\t\t\t<\/div>\n\t\t\t\t<div class=\"elementor-element elementor-element-4a5ce5a elementor-widget elementor-widget-heading\" data-id=\"4a5ce5a\" data-element_type=\"widget\" data-e-type=\"widget\" data-widget_type=\"heading.default\">\n\t\t\t\t<div class=\"elementor-widget-container\">\n\t\t\t\t\t<h2 class=\"elementor-heading-title elementor-size-default\">Glimmer<\/h2>\t\t\t\t<\/div>\n\t\t\t\t<\/div>\n\t\t\t\t<\/div>\n\t\t<div class=\"elementor-element elementor-element-10a34e6 e-con-full e-flex e-con e-child\" data-id=\"10a34e6\" data-element_type=\"container\" data-e-type=\"container\">\n\t\t\t\t<div class=\"elementor-element elementor-element-34cd86e elementor-widget elementor-widget-image\" data-id=\"34cd86e\" data-element_type=\"widget\" data-e-type=\"widget\" data-widget_type=\"image.default\">\n\t\t\t\t<div class=\"elementor-widget-container\">\n\t\t\t\t\t\t\t\t\t\t\t\t\t\t\t<img fetchpriority=\"high\" decoding=\"async\" width=\"800\" height=\"800\" src=\"https:\/\/lilyallonneau.fr\/wp-content\/uploads\/2025\/11\/GLIMMER-ACCUEIL-1024x1024.png\" class=\"attachment-large size-large wp-image-453\" alt=\"\" srcset=\"https:\/\/lilyallonneau.fr\/wp-content\/uploads\/2025\/11\/GLIMMER-ACCUEIL-1024x1024.png 1024w, https:\/\/lilyallonneau.fr\/wp-content\/uploads\/2025\/11\/GLIMMER-ACCUEIL-300x300.png 300w, https:\/\/lilyallonneau.fr\/wp-content\/uploads\/2025\/11\/GLIMMER-ACCUEIL-150x150.png 150w, https:\/\/lilyallonneau.fr\/wp-content\/uploads\/2025\/11\/GLIMMER-ACCUEIL-768x768.png 768w, https:\/\/lilyallonneau.fr\/wp-content\/uploads\/2025\/11\/GLIMMER-ACCUEIL.png 1080w\" sizes=\"(max-width: 800px) 100vw, 800px\" \/>\t\t\t\t\t\t\t\t\t\t\t\t\t\t\t<\/div>\n\t\t\t\t<\/div>\n\t\t\t\t<\/div>\n\t\t\t\t\t<\/div>\n\t\t\t\t<\/div>\n\t\t<div class=\"elementor-element elementor-element-bdcd9db e-con-full e-flex e-con e-parent\" data-id=\"bdcd9db\" data-element_type=\"container\" data-e-type=\"container\">\n\t\t\t\t<div class=\"elementor-element elementor-element-a838376 elementor-widget elementor-widget-text-editor\" data-id=\"a838376\" data-element_type=\"widget\" data-e-type=\"widget\" data-widget_type=\"text-editor.default\">\n\t\t\t\t<div class=\"elementor-widget-container\">\n\t\t\t\t\t\t\t\t\t<p style=\"margin: 0px; font-style: normal; font-variant-caps: normal; font-width: normal; font-size: 13px; line-height: normal; font-family: 'Helvetica Neue'; font-size-adjust: none; font-kerning: auto; font-variant-alternates: normal; font-variant-ligatures: normal; font-variant-numeric: normal; font-variant-east-asian: normal; font-variant-position: normal; font-variant-emoji: normal; font-feature-settings: normal; font-optical-sizing: auto; font-variation-settings: normal;\"><b><span style=\"text-decoration: underline;\">BRIEF CREATIF :<\/span>\u00a0<\/b><\/p><p><b>1\/<\/b><span style=\"font-weight: 400;\"> pr\u00e9sentation g\u00e9n\u00e9rale de l\u2019annonceur : GLIMMER est une marque fictive de cosm\u00e9tiques ludiques, sp\u00e9cialis\u00e9e dans les produits paillet\u00e9s, cr\u00e9atifs et color\u00e9s. Gr\u00e2ce \u00e0 son univers fun et inclusif, GLIMMER valorisant la libert\u00e9, l\u2019expression par le maquillage et la cr\u00e9ativit\u00e9, pouss\u00e9es par des tendances virales sur les r\u00e9seaux sociaux.<\/span><\/p><p><b>2\/<\/b><span style=\"font-weight: 400;\"> contexte : Ce projet s\u2019inscrit dans un atelier de communication cr\u00e9atif, o\u00f9 deux agences s\u2019affrontent dans une \u201cbattle\u201d pour convaincre le jury avec la meilleure proposition. La demande de GLIMMER souhaite faire une entr\u00e9e remarqu\u00e9e sur le march\u00e9 cosm\u00e9tique des 18-25 ans, une cible ultra-connect\u00e9e et en demande d\u2019exp\u00e9riences in\u00e9dites. Face \u00e0 de nombreux concurrents, Glimmer mise sur l\u2019originalit\u00e9 et la viralit\u00e9 de ses produits.<\/span><\/p><p><b>3\/<\/b><span style=\"font-weight: 400;\"> objectifs de l\u2019annonceur : Afin de s\u00e9duire sa cible 18-25 ans et de cr\u00e9er un effet viral et instagrammable, notre agence fictive a d\u00fb concevoir une campagne de lancement percutante et multi-supports, capable de g\u00e9n\u00e9rer un effet \u201cwow\u00a0\u00bb en physique comme sur les r\u00e9seaux sociaux.<\/span><\/p><p><b>4\/<\/b><span style=\"font-weight: 400;\"> cibles : cette marque s\u2019adresse aux jeunes femmes &amp; hommes 18-25 ans (coeur de cible), sensibles aux tendances beaut\u00e9, utilisateurs actifs des r\u00e9seaux sociaux, qui recherchent des produits fun et originaux pour exprimer librement leur cr\u00e9ativit\u00e9 (cibles principales).<\/span><span style=\"font-weight: 400;\"><br \/><\/span><span style=\"font-weight: 400;\"> Elle s\u2019adresse \u00e9galement aux fans d\u2019\u00e9v\u00e9nements festifs(festivals..) ou acteurs de spectacles artistiques (cible secondaire).<\/span><span style=\"font-weight: 400;\"><br \/><\/span><span style=\"font-weight: 400;\"> Enfin, elle s\u2019adresse aux influenceurs make-up et cr\u00e9ateurs de contenu beaut\u00e9 sont (cibles relais).<\/span><\/p><p><b>5\/<\/b><span style=\"font-weight: 400;\"> contraintes : 1 plan de communication, obligatoirement un support exp\u00e9rientiel artistique<\/span><\/p><p><b>6\/<\/b><span style=\"font-weight: 400;\"> les attentes de l\u2019annonceur : GLIMMER attend une campagne sensorielle &amp; inoubliable : supports visuels immersifs pour s\u00e9duire la cible jeune, univers coh\u00e9rent avec les 5 valeurs impos\u00e9es (fabulous, enjoy, positivity, dream, smile).\u00a0<\/span><\/p><p style=\"margin: 0px; font-style: normal; font-variant-caps: normal; font-width: normal; font-size: 13px; line-height: normal; font-family: 'Helvetica Neue'; font-size-adjust: none; font-kerning: auto; font-variant-alternates: normal; font-variant-ligatures: normal; font-variant-numeric: normal; font-variant-east-asian: normal; font-variant-position: normal; font-variant-emoji: normal; font-feature-settings: normal; font-optical-sizing: auto; font-variation-settings: normal;\"><br style=\"font-weight: 400;\" \/><br style=\"font-weight: 400;\" \/><\/p>\t\t\t\t\t\t\t\t<\/div>\n\t\t\t\t<\/div>\n\t\t\t\t<\/div>\n\t\t<div class=\"elementor-element elementor-element-54d55a1 e-flex e-con-boxed e-con e-parent\" data-id=\"54d55a1\" data-element_type=\"container\" data-e-type=\"container\">\n\t\t\t\t\t<div class=\"e-con-inner\">\n\t\t\t\t<div class=\"elementor-element elementor-element-3848dd1 elementor-widget-divider--view-line elementor-widget elementor-widget-divider\" data-id=\"3848dd1\" data-element_type=\"widget\" data-e-type=\"widget\" data-widget_type=\"divider.default\">\n\t\t\t\t<div class=\"elementor-widget-container\">\n\t\t\t\t\t\t\t<div class=\"elementor-divider\">\n\t\t\t<span class=\"elementor-divider-separator\">\n\t\t\t\t\t\t<\/span>\n\t\t<\/div>\n\t\t\t\t\t\t<\/div>\n\t\t\t\t<\/div>\n\t\t\t\t<div class=\"elementor-element elementor-element-f63fdc4 elementor-widget elementor-widget-heading\" data-id=\"f63fdc4\" data-element_type=\"widget\" data-e-type=\"widget\" data-widget_type=\"heading.default\">\n\t\t\t\t<div class=\"elementor-widget-container\">\n\t\t\t\t\t<h2 class=\"elementor-heading-title elementor-size-default\">D\u00e9couvrir mes productions :<\/h2>\t\t\t\t<\/div>\n\t\t\t\t<\/div>\n\t\t\t\t\t<\/div>\n\t\t\t\t<\/div>\n\t\t<div class=\"elementor-element elementor-element-f24fa48 e-flex e-con-boxed e-con e-parent\" data-id=\"f24fa48\" data-element_type=\"container\" data-e-type=\"container\">\n\t\t\t\t\t<div class=\"e-con-inner\">\n\t\t<div class=\"elementor-element elementor-element-3af9863 e-con-full e-flex e-con e-child\" data-id=\"3af9863\" data-element_type=\"container\" data-e-type=\"container\">\n\t\t\t\t<div class=\"elementor-element elementor-element-57da950 elementor-widget elementor-widget-image\" data-id=\"57da950\" data-element_type=\"widget\" data-e-type=\"widget\" data-widget_type=\"image.default\">\n\t\t\t\t<div class=\"elementor-widget-container\">\n\t\t\t\t\t\t\t\t\t\t\t\t\t\t\t\t<a href=\"https:\/\/lilyallonneau.fr\/index.php\/p2-prod-2\/\">\n\t\t\t\t\t\t\t<img decoding=\"async\" width=\"800\" height=\"800\" src=\"https:\/\/lilyallonneau.fr\/wp-content\/uploads\/2026\/02\/PLAN-DE-COM-cliquable-ss-fond-1024x1024.png\" class=\"attachment-large size-large wp-image-977\" alt=\"\" srcset=\"https:\/\/lilyallonneau.fr\/wp-content\/uploads\/2026\/02\/PLAN-DE-COM-cliquable-ss-fond-1024x1024.png 1024w, https:\/\/lilyallonneau.fr\/wp-content\/uploads\/2026\/02\/PLAN-DE-COM-cliquable-ss-fond-300x300.png 300w, https:\/\/lilyallonneau.fr\/wp-content\/uploads\/2026\/02\/PLAN-DE-COM-cliquable-ss-fond-150x150.png 150w, https:\/\/lilyallonneau.fr\/wp-content\/uploads\/2026\/02\/PLAN-DE-COM-cliquable-ss-fond-768x768.png 768w, https:\/\/lilyallonneau.fr\/wp-content\/uploads\/2026\/02\/PLAN-DE-COM-cliquable-ss-fond.png 1080w\" sizes=\"(max-width: 800px) 100vw, 800px\" \/>\t\t\t\t\t\t\t\t<\/a>\n\t\t\t\t\t\t\t\t\t\t\t\t\t\t\t<\/div>\n\t\t\t\t<\/div>\n\t\t\t\t<\/div>\n\t\t<div class=\"elementor-element elementor-element-edafa04 e-con-full e-flex e-con e-child\" data-id=\"edafa04\" data-element_type=\"container\" data-e-type=\"container\">\n\t\t\t\t<div class=\"elementor-element elementor-element-150967e elementor-widget elementor-widget-image\" data-id=\"150967e\" data-element_type=\"widget\" data-e-type=\"widget\" data-widget_type=\"image.default\">\n\t\t\t\t<div class=\"elementor-widget-container\">\n\t\t\t\t\t\t\t\t\t\t\t\t\t\t\t\t<a href=\"https:\/\/lilyallonneau.fr\/index.php\/p2-prod-1\/\">\n\t\t\t\t\t\t\t<img decoding=\"async\" width=\"800\" height=\"800\" src=\"https:\/\/lilyallonneau.fr\/wp-content\/uploads\/2026\/02\/EVENEMENT-cliquable-ss-fond-1024x1024.png\" class=\"attachment-large size-large wp-image-979\" alt=\"\" srcset=\"https:\/\/lilyallonneau.fr\/wp-content\/uploads\/2026\/02\/EVENEMENT-cliquable-ss-fond-1024x1024.png 1024w, https:\/\/lilyallonneau.fr\/wp-content\/uploads\/2026\/02\/EVENEMENT-cliquable-ss-fond-300x300.png 300w, https:\/\/lilyallonneau.fr\/wp-content\/uploads\/2026\/02\/EVENEMENT-cliquable-ss-fond-150x150.png 150w, https:\/\/lilyallonneau.fr\/wp-content\/uploads\/2026\/02\/EVENEMENT-cliquable-ss-fond-768x768.png 768w, https:\/\/lilyallonneau.fr\/wp-content\/uploads\/2026\/02\/EVENEMENT-cliquable-ss-fond.png 1080w\" sizes=\"(max-width: 800px) 100vw, 800px\" \/>\t\t\t\t\t\t\t\t<\/a>\n\t\t\t\t\t\t\t\t\t\t\t\t\t\t\t<\/div>\n\t\t\t\t<\/div>\n\t\t\t\t<\/div>\n\t\t<div class=\"elementor-element elementor-element-1709f7a e-con-full e-flex e-con e-child\" data-id=\"1709f7a\" data-element_type=\"container\" data-e-type=\"container\">\n\t\t\t\t<div class=\"elementor-element elementor-element-79fa64a elementor-widget elementor-widget-image\" data-id=\"79fa64a\" data-element_type=\"widget\" data-e-type=\"widget\" data-widget_type=\"image.default\">\n\t\t\t\t<div class=\"elementor-widget-container\">\n\t\t\t\t\t\t\t\t\t\t\t\t\t\t\t\t<a href=\"https:\/\/lilyallonneau.fr\/index.php\/p2-prod-3\/\">\n\t\t\t\t\t\t\t<img loading=\"lazy\" decoding=\"async\" width=\"800\" height=\"800\" src=\"https:\/\/lilyallonneau.fr\/wp-content\/uploads\/2026\/02\/PROGRAMME-cliquable-ss-fond-1024x1024.png\" class=\"attachment-large size-large wp-image-978\" alt=\"\" srcset=\"https:\/\/lilyallonneau.fr\/wp-content\/uploads\/2026\/02\/PROGRAMME-cliquable-ss-fond-1024x1024.png 1024w, https:\/\/lilyallonneau.fr\/wp-content\/uploads\/2026\/02\/PROGRAMME-cliquable-ss-fond-300x300.png 300w, https:\/\/lilyallonneau.fr\/wp-content\/uploads\/2026\/02\/PROGRAMME-cliquable-ss-fond-150x150.png 150w, https:\/\/lilyallonneau.fr\/wp-content\/uploads\/2026\/02\/PROGRAMME-cliquable-ss-fond-768x768.png 768w, https:\/\/lilyallonneau.fr\/wp-content\/uploads\/2026\/02\/PROGRAMME-cliquable-ss-fond.png 1080w\" sizes=\"(max-width: 800px) 100vw, 800px\" \/>\t\t\t\t\t\t\t\t<\/a>\n\t\t\t\t\t\t\t\t\t\t\t\t\t\t\t<\/div>\n\t\t\t\t<\/div>\n\t\t\t\t<\/div>\n\t\t\t\t\t<\/div>\n\t\t\t\t<\/div>\n\t\t\t\t<\/div>\n\t\t","protected":false},"excerpt":{"rendered":"<p>Projet 3 Glimmer BRIEF CREATIF :\u00a0 1\/ pr\u00e9sentation g\u00e9n\u00e9rale de l\u2019annonceur : GLIMMER est une marque fictive de cosm\u00e9tiques ludiques, sp\u00e9cialis\u00e9e dans les produits paillet\u00e9s, cr\u00e9atifs et color\u00e9s. Gr\u00e2ce \u00e0 son univers fun et inclusif, GLIMMER valorisant la libert\u00e9, l\u2019expression par le maquillage et la cr\u00e9ativit\u00e9, pouss\u00e9es par des tendances virales sur les r\u00e9seaux sociaux. [&hellip;]<\/p>\n","protected":false},"author":1,"featured_media":0,"parent":0,"menu_order":0,"comment_status":"closed","ping_status":"closed","template":"","meta":{"footnotes":""},"class_list":["post-446","page","type-page","status-publish","hentry"],"_links":{"self":[{"href":"https:\/\/lilyallonneau.fr\/index.php\/wp-json\/wp\/v2\/pages\/446","targetHints":{"allow":["GET"]}}],"collection":[{"href":"https:\/\/lilyallonneau.fr\/index.php\/wp-json\/wp\/v2\/pages"}],"about":[{"href":"https:\/\/lilyallonneau.fr\/index.php\/wp-json\/wp\/v2\/types\/page"}],"author":[{"embeddable":true,"href":"https:\/\/lilyallonneau.fr\/index.php\/wp-json\/wp\/v2\/users\/1"}],"replies":[{"embeddable":true,"href":"https:\/\/lilyallonneau.fr\/index.php\/wp-json\/wp\/v2\/comments?post=446"}],"version-history":[{"count":62,"href":"https:\/\/lilyallonneau.fr\/index.php\/wp-json\/wp\/v2\/pages\/446\/revisions"}],"predecessor-version":[{"id":1018,"href":"https:\/\/lilyallonneau.fr\/index.php\/wp-json\/wp\/v2\/pages\/446\/revisions\/1018"}],"wp:attachment":[{"href":"https:\/\/lilyallonneau.fr\/index.php\/wp-json\/wp\/v2\/media?parent=446"}],"curies":[{"name":"wp","href":"https:\/\/api.w.org\/{rel}","templated":true}]}}