{"id":468,"date":"2025-11-24T14:02:29","date_gmt":"2025-11-24T13:02:29","guid":{"rendered":"https:\/\/lilyallonneau.fr\/?page_id=468"},"modified":"2026-02-27T14:05:32","modified_gmt":"2026-02-27T13:05:32","slug":"p2-prod-1","status":"publish","type":"page","link":"https:\/\/lilyallonneau.fr\/index.php\/p2-prod-1\/","title":{"rendered":"P3 &#8211; Prod 2"},"content":{"rendered":"\t\t<div data-elementor-type=\"wp-page\" data-elementor-id=\"468\" class=\"elementor elementor-468\">\n\t\t\t\t<div class=\"elementor-element elementor-element-cf2ef5b e-flex e-con-boxed e-con e-parent\" data-id=\"cf2ef5b\" data-element_type=\"container\" data-e-type=\"container\">\n\t\t\t\t\t<div class=\"e-con-inner\">\n\t\t<div class=\"elementor-element elementor-element-8b752de e-con-full e-flex e-con e-child\" data-id=\"8b752de\" data-element_type=\"container\" data-e-type=\"container\">\n\t\t\t\t<div class=\"elementor-element elementor-element-8de780a elementor-widget elementor-widget-heading\" data-id=\"8de780a\" data-element_type=\"widget\" data-e-type=\"widget\" data-widget_type=\"heading.default\">\n\t\t\t\t<div class=\"elementor-widget-container\">\n\t\t\t\t\t<h2 class=\"elementor-heading-title elementor-size-default\">Production N\u00b02<\/h2>\t\t\t\t<\/div>\n\t\t\t\t<\/div>\n\t\t\t\t<div class=\"elementor-element elementor-element-4a5ce5a elementor-widget elementor-widget-heading\" data-id=\"4a5ce5a\" data-element_type=\"widget\" data-e-type=\"widget\" data-widget_type=\"heading.default\">\n\t\t\t\t<div class=\"elementor-widget-container\">\n\t\t\t\t\t<h2 class=\"elementor-heading-title elementor-size-default\">\u00c9v\u00e8nement \"Glimmer Glow Up\"<\/h2>\t\t\t\t<\/div>\n\t\t\t\t<\/div>\n\t\t\t\t<\/div>\n\t\t\t\t\t<\/div>\n\t\t\t\t<\/div>\n\t\t<div class=\"elementor-element elementor-element-0d82ac3 e-flex e-con-boxed e-con e-parent\" data-id=\"0d82ac3\" data-element_type=\"container\" data-e-type=\"container\">\n\t\t\t\t\t<div class=\"e-con-inner\">\n\t\t\t\t<div class=\"elementor-element elementor-element-d6e83cf elementor-widget elementor-widget-image\" data-id=\"d6e83cf\" data-element_type=\"widget\" data-e-type=\"widget\" data-widget_type=\"image.default\">\n\t\t\t\t<div class=\"elementor-widget-container\">\n\t\t\t\t\t\t\t\t\t\t\t\t\t\t\t<img fetchpriority=\"high\" decoding=\"async\" width=\"800\" height=\"450\" src=\"https:\/\/lilyallonneau.fr\/wp-content\/uploads\/2026\/02\/Glimmer-Glow-Up-1024x576.png\" class=\"attachment-large size-large wp-image-913\" alt=\"\" srcset=\"https:\/\/lilyallonneau.fr\/wp-content\/uploads\/2026\/02\/Glimmer-Glow-Up-1024x576.png 1024w, https:\/\/lilyallonneau.fr\/wp-content\/uploads\/2026\/02\/Glimmer-Glow-Up-300x169.png 300w, https:\/\/lilyallonneau.fr\/wp-content\/uploads\/2026\/02\/Glimmer-Glow-Up-768x432.png 768w, https:\/\/lilyallonneau.fr\/wp-content\/uploads\/2026\/02\/Glimmer-Glow-Up-1536x864.png 1536w, https:\/\/lilyallonneau.fr\/wp-content\/uploads\/2026\/02\/Glimmer-Glow-Up.png 1920w\" sizes=\"(max-width: 800px) 100vw, 800px\" \/>\t\t\t\t\t\t\t\t\t\t\t\t\t\t\t<\/div>\n\t\t\t\t<\/div>\n\t\t\t\t\t<\/div>\n\t\t\t\t<\/div>\n\t\t<div class=\"elementor-element elementor-element-1f874ec e-con-full e-flex e-con e-parent\" data-id=\"1f874ec\" data-element_type=\"container\" data-e-type=\"container\">\n\t\t\t\t<div class=\"elementor-element elementor-element-7f33b02 elementor-widget elementor-widget-text-editor\" data-id=\"7f33b02\" data-element_type=\"widget\" data-e-type=\"widget\" data-widget_type=\"text-editor.default\">\n\t\t\t\t<div class=\"elementor-widget-container\">\n\t\t\t\t\t\t\t\t\t<p style=\"text-align: center;\"><span style=\"font-weight: 400;\">L\u2019exp\u00e9rience repose sur le sensoriel et la participation : le public peut tester les produits, cr\u00e9er des looks, et partager leurs photos avec le hashtag #GlimmerGlowUp.<\/span><span style=\"font-weight: 400;\"><br \/><\/span><span style=\"font-weight: 400;\"> C\u2019est un m\u00e9lange entre \u00e9v\u00e9nement beaut\u00e9, festival et exp\u00e9rience artistique.<\/span><\/p><p style=\"text-align: center;\"><span style=\"font-weight: 400;\">Cet \u00e9v\u00e8nement refl\u00e8te parfaitement les valeurs de la marque : cr\u00e9ativit\u00e9, fun, audace et libert\u00e9 d\u2019expression, mais \u00e9galement les 5 messages cl\u00e9s \u00e0 faire passer : fabulous, enjoy, positivity, dream et smile.<\/span><\/p><p style=\"text-align: center;\"><span style=\"font-weight: 400;\">C\u2019est un univers qui parle directement \u00e0 notre cible jeune, curieuse, et toujours \u00e0 la recherche de nouveaut\u00e9s originales.<\/span><\/p>\t\t\t\t\t\t\t\t<\/div>\n\t\t\t\t<\/div>\n\t\t\t\t<\/div>\n\t\t<div class=\"elementor-element elementor-element-bdcd9db e-con-full e-flex e-con e-parent\" data-id=\"bdcd9db\" data-element_type=\"container\" data-e-type=\"container\">\n\t\t\t\t<div class=\"elementor-element elementor-element-b5cf8b5 elementor-widget-divider--view-line elementor-widget elementor-widget-divider\" data-id=\"b5cf8b5\" data-element_type=\"widget\" data-e-type=\"widget\" data-widget_type=\"divider.default\">\n\t\t\t\t<div class=\"elementor-widget-container\">\n\t\t\t\t\t\t\t<div class=\"elementor-divider\">\n\t\t\t<span class=\"elementor-divider-separator\">\n\t\t\t\t\t\t<\/span>\n\t\t<\/div>\n\t\t\t\t\t\t<\/div>\n\t\t\t\t<\/div>\n\t\t\t\t<div class=\"elementor-element elementor-element-a838376 elementor-widget elementor-widget-text-editor\" data-id=\"a838376\" data-element_type=\"widget\" data-e-type=\"widget\" data-widget_type=\"text-editor.default\">\n\t\t\t\t<div class=\"elementor-widget-container\">\n\t\t\t\t\t\t\t\t\t<p><b><u>BRIEF CREATIF :<\/u><\/b><\/p><p><b>1\/<\/b><span style=\"font-weight: 400;\"> Glimmer souhaite lancer un \u00e9v\u00e8nement percutant pour promouvoir sa nouvelle gamme de cosm\u00e9tiques comprenant un rouge \u00e0 l\u00e8vres paillet\u00e9, des glitters pour les yeux, une brume scintillante ainsi que divers accessoires make-up.<\/span><\/p><p><b>2\/ <\/b><span style=\"font-weight: 400;\">L\u2019\u00e9v\u00e9nement s&rsquo;inscrit dans un univers artistique et immersif, mettant en valeur les produits \u00e0 travers des animations cr\u00e9atives et plusieurs stands th\u00e9matiques. L\u2019objectif est de cr\u00e9er une exp\u00e9rience <\/span><i><span style=\"font-weight: 400;\">virale<\/span><\/i><span style=\"font-weight: 400;\">, forte visuellement et <\/span><i><span style=\"font-weight: 400;\">instagrammable<\/span><\/i><span style=\"font-weight: 400;\">, afin de renforcer la pr\u00e9sence de Glimmer aupr\u00e8s d\u2019un large public.<\/span><\/p><p><b>3\/ <\/b><span style=\"font-weight: 400;\">Faire d\u00e9couvrir l\u2019ensemble de la gamme de cosm\u00e9tiques dans un cadre exp\u00e9rientiel ; susciter l\u2019envie des visiteurs d\u2019essayer les produits et d\u2019interagir avec la marque gr\u00e2ce aux stands ; faire en sorte que chaque participant reparte avec un ou plusieurs produits, prolongant ainsi l\u2019exp\u00e9rience au-del\u00e0 de l\u2019\u00e9v\u00e9nement.<\/span><\/p><p>\u00a0<\/p><p><b>4\/ <\/b><span style=\"font-weight: 400;\">les jeunes adultes de 18 \u00e0 25 ans (cible principale) ; les jeunes consommateurs adeptes du maquillage paillet\u00e9 (c\u0153ur de cible) ; toute personne utilisant des produits de maquillage (cible secondaire) ; le personnel pr\u00e9sent sur l\u2019\u00e9v\u00e9nement, charg\u00e9 de guider, conseiller et amplifier la visibilit\u00e9 de la marque (cibles relais)<\/span><\/p><p><b>5\/ <\/b><span style=\"font-weight: 400;\">Organiser un \u00e9v\u00e9nement distinctif, diff\u00e9rent des actions habituelles ; promouvoir des valeurs positives, festives et associ\u00e9es \u00e0 l\u2019univers des paillettes.<\/span><\/p><p><b>6\/ <\/b><span style=\"font-weight: 400;\">Glimmer attend de cet \u00e9v\u00e9nement qu\u2019il attire de nouveaux clients, cr\u00e9e un impact m\u00e9morable et renforce durablement l\u2019image de la marque.<\/span><\/p><p><br style=\"font-weight: 400;\" \/><br style=\"font-weight: 400;\" \/><\/p>\t\t\t\t\t\t\t\t<\/div>\n\t\t\t\t<\/div>\n\t\t\t\t<\/div>\n\t\t<div class=\"elementor-element elementor-element-54d55a1 e-flex e-con-boxed e-con e-parent\" data-id=\"54d55a1\" data-element_type=\"container\" data-e-type=\"container\">\n\t\t\t\t\t<div class=\"e-con-inner\">\n\t\t\t\t<div class=\"elementor-element elementor-element-3848dd1 elementor-widget-divider--view-line elementor-widget elementor-widget-divider\" data-id=\"3848dd1\" data-element_type=\"widget\" data-e-type=\"widget\" data-widget_type=\"divider.default\">\n\t\t\t\t<div class=\"elementor-widget-container\">\n\t\t\t\t\t\t\t<div class=\"elementor-divider\">\n\t\t\t<span class=\"elementor-divider-separator\">\n\t\t\t\t\t\t<\/span>\n\t\t<\/div>\n\t\t\t\t\t\t<\/div>\n\t\t\t\t<\/div>\n\t\t\t\t\t<\/div>\n\t\t\t\t<\/div>\n\t\t<div class=\"elementor-element elementor-element-f4f3cc7 e-flex e-con-boxed e-con e-parent\" data-id=\"f4f3cc7\" data-element_type=\"container\" data-e-type=\"container\">\n\t\t\t\t\t<div class=\"e-con-inner\">\n\t\t\t\t<div class=\"elementor-element elementor-element-35a00b8 elementor-arrows-position-inside elementor-pagination-position-outside elementor-widget elementor-widget-image-carousel\" data-id=\"35a00b8\" data-element_type=\"widget\" data-e-type=\"widget\" data-settings=\"{&quot;slides_to_show&quot;:&quot;1&quot;,&quot;navigation&quot;:&quot;both&quot;,&quot;autoplay&quot;:&quot;yes&quot;,&quot;pause_on_hover&quot;:&quot;yes&quot;,&quot;pause_on_interaction&quot;:&quot;yes&quot;,&quot;autoplay_speed&quot;:5000,&quot;infinite&quot;:&quot;yes&quot;,&quot;effect&quot;:&quot;slide&quot;,&quot;speed&quot;:500}\" data-widget_type=\"image-carousel.default\">\n\t\t\t\t<div class=\"elementor-widget-container\">\n\t\t\t\t\t\t\t<div class=\"elementor-image-carousel-wrapper swiper\" role=\"region\" aria-roledescription=\"carousel\" aria-label=\"PLAN DE COM\" dir=\"ltr\">\n\t\t\t<div class=\"elementor-image-carousel swiper-wrapper\" aria-live=\"off\">\n\t\t\t\t\t\t\t\t<div class=\"swiper-slide\" role=\"group\" aria-roledescription=\"slide\" aria-label=\"1 sur 4\"><figure class=\"swiper-slide-inner\"><img decoding=\"async\" class=\"swiper-slide-image\" src=\"https:\/\/lilyallonneau.fr\/wp-content\/uploads\/2026\/02\/PLAN-DE-COM-p1-1024x576.jpg\" alt=\"PLAN DE COM p1\" \/><\/figure><\/div><div class=\"swiper-slide\" role=\"group\" aria-roledescription=\"slide\" aria-label=\"2 sur 4\"><figure class=\"swiper-slide-inner\"><img decoding=\"async\" class=\"swiper-slide-image\" src=\"https:\/\/lilyallonneau.fr\/wp-content\/uploads\/2026\/02\/PLAN-DE-COM-p2-1024x576.jpg\" alt=\"PLAN DE COM p2\" \/><\/figure><\/div><div class=\"swiper-slide\" role=\"group\" aria-roledescription=\"slide\" aria-label=\"3 sur 4\"><figure class=\"swiper-slide-inner\"><img decoding=\"async\" class=\"swiper-slide-image\" src=\"https:\/\/lilyallonneau.fr\/wp-content\/uploads\/2026\/02\/PLAN-DE-COM-p3-1024x576.jpg\" alt=\"PLAN DE COM p3\" \/><\/figure><\/div><div class=\"swiper-slide\" role=\"group\" aria-roledescription=\"slide\" aria-label=\"4 sur 4\"><figure class=\"swiper-slide-inner\"><img decoding=\"async\" class=\"swiper-slide-image\" src=\"https:\/\/lilyallonneau.fr\/wp-content\/uploads\/2026\/02\/PLAN-DE-COM-p4-1024x576.jpg\" alt=\"PLAN DE COM p4\" \/><\/figure><\/div>\t\t\t<\/div>\n\t\t\t\t\t\t\t\t\t\t\t\t<div class=\"elementor-swiper-button elementor-swiper-button-prev\" role=\"button\" tabindex=\"0\">\n\t\t\t\t\t\t<svg aria-hidden=\"true\" class=\"e-font-icon-svg e-eicon-chevron-left\" viewBox=\"0 0 1000 1000\" xmlns=\"http:\/\/www.w3.org\/2000\/svg\"><path d=\"M646 125C629 125 613 133 604 142L308 442C296 454 292 471 292 487 292 504 296 521 308 533L604 854C617 867 629 875 646 875 663 875 679 871 692 858 704 846 713 829 713 812 713 796 708 779 692 767L438 487 692 225C700 217 708 204 708 187 708 171 704 154 692 142 675 129 663 125 646 125Z\"><\/path><\/svg>\t\t\t\t\t<\/div>\n\t\t\t\t\t<div class=\"elementor-swiper-button elementor-swiper-button-next\" role=\"button\" tabindex=\"0\">\n\t\t\t\t\t\t<svg aria-hidden=\"true\" class=\"e-font-icon-svg e-eicon-chevron-right\" viewBox=\"0 0 1000 1000\" xmlns=\"http:\/\/www.w3.org\/2000\/svg\"><path d=\"M696 533C708 521 713 504 713 487 713 471 708 454 696 446L400 146C388 133 375 125 354 125 338 125 325 129 313 142 300 154 292 171 292 187 292 204 296 221 308 233L563 492 304 771C292 783 288 800 288 817 288 833 296 850 308 863 321 871 338 875 354 875 371 875 388 867 400 854L696 533Z\"><\/path><\/svg>\t\t\t\t\t<\/div>\n\t\t\t\t\n\t\t\t\t\t\t\t\t\t<div class=\"swiper-pagination\"><\/div>\n\t\t\t\t\t\t\t\t\t<\/div>\n\t\t\t\t\t\t<\/div>\n\t\t\t\t<\/div>\n\t\t\t\t\t<\/div>\n\t\t\t\t<\/div>\n\t\t<div class=\"elementor-element elementor-element-e3a2c06 e-flex e-con-boxed e-con e-parent\" data-id=\"e3a2c06\" data-element_type=\"container\" data-e-type=\"container\">\n\t\t\t\t\t<div class=\"e-con-inner\">\n\t\t<div class=\"elementor-element elementor-element-bf776b9 e-con-full e-flex e-con e-child\" data-id=\"bf776b9\" data-element_type=\"container\" data-e-type=\"container\">\n\t\t\t\t<div class=\"elementor-element elementor-element-6d45307 elementor-widget elementor-widget-heading\" data-id=\"6d45307\" data-element_type=\"widget\" data-e-type=\"widget\" data-widget_type=\"heading.default\">\n\t\t\t\t<div class=\"elementor-widget-container\">\n\t\t\t\t\t<h2 class=\"elementor-heading-title elementor-size-default\">Tableau de scoring concurrentiel<\/h2>\t\t\t\t<\/div>\n\t\t\t\t<\/div>\n\t\t\t\t<\/div>\n\t\t\t\t\t<\/div>\n\t\t\t\t<\/div>\n\t\t<div class=\"elementor-element elementor-element-f28bc43 e-flex e-con-boxed e-con e-parent\" data-id=\"f28bc43\" data-element_type=\"container\" data-e-type=\"container\">\n\t\t\t\t\t<div class=\"e-con-inner\">\n\t\t\t\t<div class=\"elementor-element elementor-element-b1c8e82 elementor-widget elementor-widget-image\" data-id=\"b1c8e82\" data-element_type=\"widget\" data-e-type=\"widget\" data-widget_type=\"image.default\">\n\t\t\t\t<div class=\"elementor-widget-container\">\n\t\t\t\t\t\t\t\t\t\t\t\t\t\t\t<img decoding=\"async\" width=\"800\" height=\"450\" src=\"https:\/\/lilyallonneau.fr\/wp-content\/uploads\/2026\/02\/Tableau-de-scoring-Chateau-1024x576.png\" class=\"attachment-large size-large wp-image-961\" alt=\"\" srcset=\"https:\/\/lilyallonneau.fr\/wp-content\/uploads\/2026\/02\/Tableau-de-scoring-Chateau-1024x576.png 1024w, https:\/\/lilyallonneau.fr\/wp-content\/uploads\/2026\/02\/Tableau-de-scoring-Chateau-300x169.png 300w, https:\/\/lilyallonneau.fr\/wp-content\/uploads\/2026\/02\/Tableau-de-scoring-Chateau-768x432.png 768w, https:\/\/lilyallonneau.fr\/wp-content\/uploads\/2026\/02\/Tableau-de-scoring-Chateau-1536x864.png 1536w, https:\/\/lilyallonneau.fr\/wp-content\/uploads\/2026\/02\/Tableau-de-scoring-Chateau.png 1920w\" sizes=\"(max-width: 800px) 100vw, 800px\" \/>\t\t\t\t\t\t\t\t\t\t\t\t\t\t\t<\/div>\n\t\t\t\t<\/div>\n\t\t\t\t\t<\/div>\n\t\t\t\t<\/div>\n\t\t<div class=\"elementor-element elementor-element-dcef972 e-flex e-con-boxed e-con e-parent\" data-id=\"dcef972\" data-element_type=\"container\" data-e-type=\"container\">\n\t\t\t\t\t<div class=\"e-con-inner\">\n\t\t\t\t<div class=\"elementor-element elementor-element-5818695 elementor-widget-divider--view-line elementor-widget elementor-widget-divider\" data-id=\"5818695\" data-element_type=\"widget\" data-e-type=\"widget\" data-widget_type=\"divider.default\">\n\t\t\t\t<div class=\"elementor-widget-container\">\n\t\t\t\t\t\t\t<div class=\"elementor-divider\">\n\t\t\t<span class=\"elementor-divider-separator\">\n\t\t\t\t\t\t<\/span>\n\t\t<\/div>\n\t\t\t\t\t\t<\/div>\n\t\t\t\t<\/div>\n\t\t\t\t\t<\/div>\n\t\t\t\t<\/div>\n\t\t<div class=\"elementor-element elementor-element-136f12e e-flex e-con-boxed e-con e-parent\" data-id=\"136f12e\" data-element_type=\"container\" data-e-type=\"container\">\n\t\t\t\t\t<div class=\"e-con-inner\">\n\t\t<div class=\"elementor-element elementor-element-6418487 e-con-full e-flex e-con e-child\" data-id=\"6418487\" data-element_type=\"container\" data-e-type=\"container\">\n\t\t\t\t<div class=\"elementor-element elementor-element-91d5bc6 elementor-widget elementor-widget-heading\" data-id=\"91d5bc6\" data-element_type=\"widget\" data-e-type=\"widget\" data-widget_type=\"heading.default\">\n\t\t\t\t<div class=\"elementor-widget-container\">\n\t\t\t\t\t<h2 class=\"elementor-heading-title elementor-size-default\">Indicateurs de Performance \u00e0 analyser : <\/h2>\t\t\t\t<\/div>\n\t\t\t\t<\/div>\n\t\t\t\t<div class=\"elementor-element elementor-element-5a402d4 elementor-widget elementor-widget-text-editor\" data-id=\"5a402d4\" data-element_type=\"widget\" data-e-type=\"widget\" data-widget_type=\"text-editor.default\">\n\t\t\t\t<div class=\"elementor-widget-container\">\n\t\t\t\t\t\t\t\t\t<ul><li style=\"font-weight: 400;\" aria-level=\"1\"><span style=\"font-weight: 400;\">Nombre de participants<\/span><\/li><li style=\"font-weight: 400;\" aria-level=\"1\"><span style=\"font-weight: 400;\">Taux de participation aux activit\u00e9s (stands makeup, zones interactives\u2026)<\/span><\/li><li style=\"font-weight: 400;\" aria-level=\"1\"><span style=\"font-weight: 400;\">Nombre de photos\/vid\u00e9os publi\u00e9es avec le hashtag #glimmerglowupchallenge<\/span><\/li><li style=\"font-weight: 400;\" aria-level=\"1\"><span style=\"font-weight: 400;\">Viralit\u00e9 de l\u2019\u00e9v\u00e8nement sur les r\u00e9seaux sociaux<\/span><\/li><li style=\"font-weight: 400;\" aria-level=\"1\"><span style=\"font-weight: 400;\">Retomb\u00e9es influenceurs<\/span><\/li><\/ul>\t\t\t\t\t\t\t\t<\/div>\n\t\t\t\t<\/div>\n\t\t\t\t<\/div>\n\t\t\t\t\t<\/div>\n\t\t\t\t<\/div>\n\t\t\t\t<\/div>\n\t\t","protected":false},"excerpt":{"rendered":"<p>Production N\u00b02 \u00c9v\u00e8nement \u00ab\u00a0Glimmer Glow Up\u00a0\u00bb L\u2019exp\u00e9rience repose sur le sensoriel et la participation : le public peut tester les produits, cr\u00e9er des looks, et partager leurs photos avec le hashtag #GlimmerGlowUp. C\u2019est un m\u00e9lange entre \u00e9v\u00e9nement beaut\u00e9, festival et exp\u00e9rience artistique. Cet \u00e9v\u00e8nement refl\u00e8te parfaitement les valeurs de la marque : cr\u00e9ativit\u00e9, fun, audace [&hellip;]<\/p>\n","protected":false},"author":1,"featured_media":0,"parent":0,"menu_order":0,"comment_status":"closed","ping_status":"closed","template":"","meta":{"footnotes":""},"class_list":["post-468","page","type-page","status-publish","hentry"],"_links":{"self":[{"href":"https:\/\/lilyallonneau.fr\/index.php\/wp-json\/wp\/v2\/pages\/468","targetHints":{"allow":["GET"]}}],"collection":[{"href":"https:\/\/lilyallonneau.fr\/index.php\/wp-json\/wp\/v2\/pages"}],"about":[{"href":"https:\/\/lilyallonneau.fr\/index.php\/wp-json\/wp\/v2\/types\/page"}],"author":[{"embeddable":true,"href":"https:\/\/lilyallonneau.fr\/index.php\/wp-json\/wp\/v2\/users\/1"}],"replies":[{"embeddable":true,"href":"https:\/\/lilyallonneau.fr\/index.php\/wp-json\/wp\/v2\/comments?post=468"}],"version-history":[{"count":43,"href":"https:\/\/lilyallonneau.fr\/index.php\/wp-json\/wp\/v2\/pages\/468\/revisions"}],"predecessor-version":[{"id":964,"href":"https:\/\/lilyallonneau.fr\/index.php\/wp-json\/wp\/v2\/pages\/468\/revisions\/964"}],"wp:attachment":[{"href":"https:\/\/lilyallonneau.fr\/index.php\/wp-json\/wp\/v2\/media?parent=468"}],"curies":[{"name":"wp","href":"https:\/\/api.w.org\/{rel}","templated":true}]}}