{"id":510,"date":"2025-11-24T14:57:20","date_gmt":"2025-11-24T13:57:20","guid":{"rendered":"https:\/\/lilyallonneau.fr\/?page_id=510"},"modified":"2026-02-22T18:21:33","modified_gmt":"2026-02-22T17:21:33","slug":"projet-3","status":"publish","type":"page","link":"https:\/\/lilyallonneau.fr\/index.php\/projet-3\/","title":{"rendered":"PROJET 1"},"content":{"rendered":"\t\t<div data-elementor-type=\"wp-page\" data-elementor-id=\"510\" class=\"elementor elementor-510\">\n\t\t\t\t<div class=\"elementor-element elementor-element-cf2ef5b e-flex e-con-boxed e-con e-parent\" data-id=\"cf2ef5b\" data-element_type=\"container\" data-e-type=\"container\">\n\t\t\t\t\t<div class=\"e-con-inner\">\n\t\t<div class=\"elementor-element elementor-element-8b752de e-con-full e-flex e-con e-child\" data-id=\"8b752de\" data-element_type=\"container\" data-e-type=\"container\">\n\t\t\t\t<div class=\"elementor-element elementor-element-8de780a elementor-widget elementor-widget-heading\" data-id=\"8de780a\" data-element_type=\"widget\" data-e-type=\"widget\" data-widget_type=\"heading.default\">\n\t\t\t\t<div class=\"elementor-widget-container\">\n\t\t\t\t\t<h2 class=\"elementor-heading-title elementor-size-default\">Projet 1<\/h2>\t\t\t\t<\/div>\n\t\t\t\t<\/div>\n\t\t\t\t<div class=\"elementor-element elementor-element-4a5ce5a elementor-widget elementor-widget-heading\" data-id=\"4a5ce5a\" data-element_type=\"widget\" data-e-type=\"widget\" data-widget_type=\"heading.default\">\n\t\t\t\t<div class=\"elementor-widget-container\">\n\t\t\t\t\t<h2 class=\"elementor-heading-title elementor-size-default\">Octobre Rose en grande distribution<\/h2>\t\t\t\t<\/div>\n\t\t\t\t<\/div>\n\t\t\t\t<\/div>\n\t\t<div class=\"elementor-element elementor-element-10a34e6 e-con-full e-flex e-con e-child\" data-id=\"10a34e6\" data-element_type=\"container\" data-e-type=\"container\">\n\t\t\t\t<div class=\"elementor-element elementor-element-34cd86e elementor-widget elementor-widget-image\" data-id=\"34cd86e\" data-element_type=\"widget\" data-e-type=\"widget\" data-widget_type=\"image.default\">\n\t\t\t\t<div class=\"elementor-widget-container\">\n\t\t\t\t\t\t\t\t\t\t\t\t\t\t\t<img fetchpriority=\"high\" decoding=\"async\" width=\"800\" height=\"800\" src=\"https:\/\/lilyallonneau.fr\/wp-content\/uploads\/2025\/11\/OCTOBRE-ROSE-ss-fond-1024x1024.png\" class=\"attachment-large size-large wp-image-522\" alt=\"\" srcset=\"https:\/\/lilyallonneau.fr\/wp-content\/uploads\/2025\/11\/OCTOBRE-ROSE-ss-fond-1024x1024.png 1024w, https:\/\/lilyallonneau.fr\/wp-content\/uploads\/2025\/11\/OCTOBRE-ROSE-ss-fond-300x300.png 300w, https:\/\/lilyallonneau.fr\/wp-content\/uploads\/2025\/11\/OCTOBRE-ROSE-ss-fond-150x150.png 150w, https:\/\/lilyallonneau.fr\/wp-content\/uploads\/2025\/11\/OCTOBRE-ROSE-ss-fond-768x768.png 768w, https:\/\/lilyallonneau.fr\/wp-content\/uploads\/2025\/11\/OCTOBRE-ROSE-ss-fond.png 1080w\" sizes=\"(max-width: 800px) 100vw, 800px\" \/>\t\t\t\t\t\t\t\t\t\t\t\t\t\t\t<\/div>\n\t\t\t\t<\/div>\n\t\t\t\t<\/div>\n\t\t\t\t\t<\/div>\n\t\t\t\t<\/div>\n\t\t<div class=\"elementor-element elementor-element-bdcd9db e-con-full e-flex e-con e-parent\" data-id=\"bdcd9db\" data-element_type=\"container\" data-e-type=\"container\">\n\t\t\t\t<div class=\"elementor-element elementor-element-a838376 elementor-widget elementor-widget-text-editor\" data-id=\"a838376\" data-element_type=\"widget\" data-e-type=\"widget\" data-widget_type=\"text-editor.default\">\n\t\t\t\t<div class=\"elementor-widget-container\">\n\t\t\t\t\t\t\t\t\t<p style=\"margin: 0px; font-style: normal; font-variant-caps: normal; font-width: normal; font-size: 13px; line-height: normal; font-family: 'Helvetica Neue'; font-size-adjust: none; font-kerning: auto; font-variant-alternates: normal; font-variant-ligatures: normal; font-variant-numeric: normal; font-variant-east-asian: normal; font-variant-position: normal; font-variant-emoji: normal; font-feature-settings: normal; font-optical-sizing: auto; font-variation-settings: normal;\"><b><span style=\"text-decoration: underline;\">BRIEF CREATIF :<\/span>\u00a0<\/b><\/p><p><b>1\/<\/b><span style=\"font-weight: 400;\"> Pr\u00e9sentation : le centre E.Leclerc participe chaque ann\u00e9e \u00e0 Octobre Rose, en partenariat avec <\/span>La Ligue contre le cancer<span style=\"font-weight: 400;\">. L\u2019objectif est de sensibiliser les clients au cancer du sein et de proposer un dispositif simple pour contribuer : <\/span>l\u2019arrondi<\/p><p><b>2\/<\/b><span style=\"font-weight: 400;\"> Contexte : en grande distribution, le magasin touche un public large, familial et interg\u00e9n\u00e9rationnel. Octobre Rose \u00e9tant une cause forte, la mobilisation de notre enseigne est tr\u00e8s attendue pour ce type d\u2019actions citoyennes. Il fallait absolument que cette action soit <\/span>visuellement identifiable, simple \u00e0 comprendre et accessible \u00e0 tous.<\/p><p><b>3\/<\/b><span style=\"font-weight: 400;\"> Objectifs : informer les clients de l\u2019engagement d\u2019E.Leclerc dans la lutte d\u2019Octobre Rose ; encourager les dons via l\u2019arrondi en caisse ; cr\u00e9er une dynamique solidaire ; valoriser la participation des collaborateurs et des clients ; et promouvoir une image responsable et engag\u00e9e du magasin.<\/span><span style=\"font-weight: 400;\"><br \/><\/span><\/p><p><b>4\/<\/b><span style=\"font-weight: 400;\"> Cibles : clients du magasin toutes tranches d\u2019\u00e2ge (cible principale) ; clients sensibles aux causes solidaires (coeur de cible) ; audience Facebook (cible secondaire) ; collaborateurs internes (cible relais)<\/span><span style=\"font-weight: 400;\"><br \/><\/span><\/p><p><b>5\/<\/b><span style=\"font-weight: 400;\"> Contraintes : respect de la charte visuelle Octobre Rose E.Leclerc nationale ; logos Leclerc &amp; Ligue obligatoires ; messages simples et adaptables \u00e0 plusieurs formats.<\/span><span style=\"font-weight: 400;\"><br \/><\/span><\/p><p><span style=\"font-weight: 400;\"><strong>6\/<\/strong> Attentes : support <\/span>clair et compr\u00e9hensible<span style=\"font-weight: 400;\"> d\u00e8s le premier regard, communication visuellement coh\u00e9rente sur l\u2019ensemble des points de contact (Facebook, TPE, \u00e9crans d\u2019accueil) ; valorisation du geste des clients ; am\u00e9lioration de l\u2019engagement et de l\u2019image solidaire du magasin.<\/span><\/p><p style=\"margin: 0px; font-style: normal; font-variant-caps: normal; font-width: normal; font-size: 13px; line-height: normal; font-family: 'Helvetica Neue'; font-size-adjust: none; font-kerning: auto; font-variant-alternates: normal; font-variant-ligatures: normal; font-variant-numeric: normal; font-variant-east-asian: normal; font-variant-position: normal; font-variant-emoji: normal; font-feature-settings: normal; font-optical-sizing: auto; font-variation-settings: normal;\"><br style=\"font-weight: 400;\" \/><br style=\"font-weight: 400;\" \/><\/p>\t\t\t\t\t\t\t\t<\/div>\n\t\t\t\t<\/div>\n\t\t\t\t<\/div>\n\t\t<div class=\"elementor-element elementor-element-54d55a1 e-flex e-con-boxed e-con e-parent\" data-id=\"54d55a1\" data-element_type=\"container\" data-e-type=\"container\">\n\t\t\t\t\t<div class=\"e-con-inner\">\n\t\t\t\t<div class=\"elementor-element elementor-element-3848dd1 elementor-widget-divider--view-line elementor-widget elementor-widget-divider\" data-id=\"3848dd1\" data-element_type=\"widget\" data-e-type=\"widget\" data-widget_type=\"divider.default\">\n\t\t\t\t<div class=\"elementor-widget-container\">\n\t\t\t\t\t\t\t<div class=\"elementor-divider\">\n\t\t\t<span class=\"elementor-divider-separator\">\n\t\t\t\t\t\t<\/span>\n\t\t<\/div>\n\t\t\t\t\t\t<\/div>\n\t\t\t\t<\/div>\n\t\t\t\t<div class=\"elementor-element elementor-element-f63fdc4 elementor-widget elementor-widget-heading\" data-id=\"f63fdc4\" data-element_type=\"widget\" data-e-type=\"widget\" data-widget_type=\"heading.default\">\n\t\t\t\t<div class=\"elementor-widget-container\">\n\t\t\t\t\t<h2 class=\"elementor-heading-title elementor-size-default\">D\u00e9couvrir mes productions :<\/h2>\t\t\t\t<\/div>\n\t\t\t\t<\/div>\n\t\t\t\t\t<\/div>\n\t\t\t\t<\/div>\n\t\t<div class=\"elementor-element elementor-element-f24fa48 e-flex e-con-boxed e-con e-parent\" data-id=\"f24fa48\" data-element_type=\"container\" data-e-type=\"container\">\n\t\t\t\t\t<div class=\"e-con-inner\">\n\t\t<div class=\"elementor-element elementor-element-3af9863 e-con-full e-flex e-con e-child\" data-id=\"3af9863\" data-element_type=\"container\" data-e-type=\"container\">\n\t\t\t\t<div class=\"elementor-element elementor-element-57da950 elementor-widget elementor-widget-image\" data-id=\"57da950\" data-element_type=\"widget\" data-e-type=\"widget\" data-widget_type=\"image.default\">\n\t\t\t\t<div class=\"elementor-widget-container\">\n\t\t\t\t\t\t\t\t\t\t\t\t\t\t\t\t<a href=\"https:\/\/lilyallonneau.fr\/index.php\/p3-prod-1\/\">\n\t\t\t\t\t\t\t<img decoding=\"async\" width=\"800\" height=\"800\" src=\"https:\/\/lilyallonneau.fr\/wp-content\/uploads\/2025\/11\/POST-ss-fond-1024x1024.png\" class=\"attachment-large size-large wp-image-517\" alt=\"\" srcset=\"https:\/\/lilyallonneau.fr\/wp-content\/uploads\/2025\/11\/POST-ss-fond-1024x1024.png 1024w, https:\/\/lilyallonneau.fr\/wp-content\/uploads\/2025\/11\/POST-ss-fond-300x300.png 300w, https:\/\/lilyallonneau.fr\/wp-content\/uploads\/2025\/11\/POST-ss-fond-150x150.png 150w, https:\/\/lilyallonneau.fr\/wp-content\/uploads\/2025\/11\/POST-ss-fond-768x768.png 768w, https:\/\/lilyallonneau.fr\/wp-content\/uploads\/2025\/11\/POST-ss-fond.png 1080w\" sizes=\"(max-width: 800px) 100vw, 800px\" \/>\t\t\t\t\t\t\t\t<\/a>\n\t\t\t\t\t\t\t\t\t\t\t\t\t\t\t<\/div>\n\t\t\t\t<\/div>\n\t\t\t\t<\/div>\n\t\t<div class=\"elementor-element elementor-element-edafa04 e-con-full e-flex e-con e-child\" data-id=\"edafa04\" data-element_type=\"container\" data-e-type=\"container\">\n\t\t\t\t<div class=\"elementor-element elementor-element-150967e elementor-widget elementor-widget-image\" data-id=\"150967e\" data-element_type=\"widget\" data-e-type=\"widget\" data-widget_type=\"image.default\">\n\t\t\t\t<div class=\"elementor-widget-container\">\n\t\t\t\t\t\t\t\t\t\t\t\t\t\t\t\t<a href=\"https:\/\/lilyallonneau.fr\/index.php\/p3-prod-2\/\">\n\t\t\t\t\t\t\t<img decoding=\"async\" width=\"800\" height=\"800\" src=\"https:\/\/lilyallonneau.fr\/wp-content\/uploads\/2025\/11\/AFFICHETTE-TPE-ss-fond-1024x1024.png\" class=\"attachment-large size-large wp-image-516\" alt=\"\" srcset=\"https:\/\/lilyallonneau.fr\/wp-content\/uploads\/2025\/11\/AFFICHETTE-TPE-ss-fond-1024x1024.png 1024w, https:\/\/lilyallonneau.fr\/wp-content\/uploads\/2025\/11\/AFFICHETTE-TPE-ss-fond-300x300.png 300w, https:\/\/lilyallonneau.fr\/wp-content\/uploads\/2025\/11\/AFFICHETTE-TPE-ss-fond-150x150.png 150w, https:\/\/lilyallonneau.fr\/wp-content\/uploads\/2025\/11\/AFFICHETTE-TPE-ss-fond-768x768.png 768w, https:\/\/lilyallonneau.fr\/wp-content\/uploads\/2025\/11\/AFFICHETTE-TPE-ss-fond.png 1080w\" sizes=\"(max-width: 800px) 100vw, 800px\" \/>\t\t\t\t\t\t\t\t<\/a>\n\t\t\t\t\t\t\t\t\t\t\t\t\t\t\t<\/div>\n\t\t\t\t<\/div>\n\t\t\t\t<\/div>\n\t\t<div class=\"elementor-element elementor-element-1709f7a e-con-full e-flex e-con e-child\" data-id=\"1709f7a\" data-element_type=\"container\" data-e-type=\"container\">\n\t\t\t\t<div class=\"elementor-element elementor-element-79fa64a elementor-widget elementor-widget-image\" data-id=\"79fa64a\" data-element_type=\"widget\" data-e-type=\"widget\" data-widget_type=\"image.default\">\n\t\t\t\t<div class=\"elementor-widget-container\">\n\t\t\t\t\t\t\t\t\t\t\t\t\t\t\t\t<a href=\"https:\/\/lilyallonneau.fr\/index.php\/p3-prod-3\/\">\n\t\t\t\t\t\t\t<img loading=\"lazy\" decoding=\"async\" width=\"800\" height=\"800\" src=\"https:\/\/lilyallonneau.fr\/wp-content\/uploads\/2025\/11\/RECAP-TELES-ss-fond-1024x1024.png\" class=\"attachment-large size-large wp-image-518\" alt=\"\" srcset=\"https:\/\/lilyallonneau.fr\/wp-content\/uploads\/2025\/11\/RECAP-TELES-ss-fond-1024x1024.png 1024w, https:\/\/lilyallonneau.fr\/wp-content\/uploads\/2025\/11\/RECAP-TELES-ss-fond-300x300.png 300w, https:\/\/lilyallonneau.fr\/wp-content\/uploads\/2025\/11\/RECAP-TELES-ss-fond-150x150.png 150w, https:\/\/lilyallonneau.fr\/wp-content\/uploads\/2025\/11\/RECAP-TELES-ss-fond-768x768.png 768w, https:\/\/lilyallonneau.fr\/wp-content\/uploads\/2025\/11\/RECAP-TELES-ss-fond.png 1080w\" sizes=\"(max-width: 800px) 100vw, 800px\" \/>\t\t\t\t\t\t\t\t<\/a>\n\t\t\t\t\t\t\t\t\t\t\t\t\t\t\t<\/div>\n\t\t\t\t<\/div>\n\t\t\t\t<\/div>\n\t\t\t\t\t<\/div>\n\t\t\t\t<\/div>\n\t\t\t\t<\/div>\n\t\t","protected":false},"excerpt":{"rendered":"<p>Projet 1 Octobre Rose en grande distribution BRIEF CREATIF :\u00a0 1\/ Pr\u00e9sentation : le centre E.Leclerc participe chaque ann\u00e9e \u00e0 Octobre Rose, en partenariat avec La Ligue contre le cancer. L\u2019objectif est de sensibiliser les clients au cancer du sein et de proposer un dispositif simple pour contribuer : l\u2019arrondi 2\/ Contexte : en grande [&hellip;]<\/p>\n","protected":false},"author":1,"featured_media":0,"parent":0,"menu_order":0,"comment_status":"closed","ping_status":"closed","template":"","meta":{"footnotes":""},"class_list":["post-510","page","type-page","status-publish","hentry"],"_links":{"self":[{"href":"https:\/\/lilyallonneau.fr\/index.php\/wp-json\/wp\/v2\/pages\/510","targetHints":{"allow":["GET"]}}],"collection":[{"href":"https:\/\/lilyallonneau.fr\/index.php\/wp-json\/wp\/v2\/pages"}],"about":[{"href":"https:\/\/lilyallonneau.fr\/index.php\/wp-json\/wp\/v2\/types\/page"}],"author":[{"embeddable":true,"href":"https:\/\/lilyallonneau.fr\/index.php\/wp-json\/wp\/v2\/users\/1"}],"replies":[{"embeddable":true,"href":"https:\/\/lilyallonneau.fr\/index.php\/wp-json\/wp\/v2\/comments?post=510"}],"version-history":[{"count":40,"href":"https:\/\/lilyallonneau.fr\/index.php\/wp-json\/wp\/v2\/pages\/510\/revisions"}],"predecessor-version":[{"id":827,"href":"https:\/\/lilyallonneau.fr\/index.php\/wp-json\/wp\/v2\/pages\/510\/revisions\/827"}],"wp:attachment":[{"href":"https:\/\/lilyallonneau.fr\/index.php\/wp-json\/wp\/v2\/media?parent=510"}],"curies":[{"name":"wp","href":"https:\/\/api.w.org\/{rel}","templated":true}]}}