{"id":526,"date":"2025-11-24T15:45:35","date_gmt":"2025-11-24T14:45:35","guid":{"rendered":"https:\/\/lilyallonneau.fr\/?page_id=526"},"modified":"2026-02-22T18:22:00","modified_gmt":"2026-02-22T17:22:00","slug":"p3-prod-1","status":"publish","type":"page","link":"https:\/\/lilyallonneau.fr\/index.php\/p3-prod-1\/","title":{"rendered":"P1 &#8211; Prod 1"},"content":{"rendered":"\t\t<div data-elementor-type=\"wp-page\" data-elementor-id=\"526\" class=\"elementor elementor-526\">\n\t\t\t\t<div class=\"elementor-element elementor-element-cf2ef5b e-flex e-con-boxed e-con e-parent\" data-id=\"cf2ef5b\" data-element_type=\"container\" data-e-type=\"container\">\n\t\t\t\t\t<div class=\"e-con-inner\">\n\t\t<div class=\"elementor-element elementor-element-8b752de e-con-full e-flex e-con e-child\" data-id=\"8b752de\" data-element_type=\"container\" data-e-type=\"container\">\n\t\t\t\t<div class=\"elementor-element elementor-element-8de780a elementor-widget elementor-widget-heading\" data-id=\"8de780a\" data-element_type=\"widget\" data-e-type=\"widget\" data-widget_type=\"heading.default\">\n\t\t\t\t<div class=\"elementor-widget-container\">\n\t\t\t\t\t<h2 class=\"elementor-heading-title elementor-size-default\">Production N\u00b01<\/h2>\t\t\t\t<\/div>\n\t\t\t\t<\/div>\n\t\t\t\t<div class=\"elementor-element elementor-element-4a5ce5a elementor-widget elementor-widget-heading\" data-id=\"4a5ce5a\" data-element_type=\"widget\" data-e-type=\"widget\" data-widget_type=\"heading.default\">\n\t\t\t\t<div class=\"elementor-widget-container\">\n\t\t\t\t\t<h2 class=\"elementor-heading-title elementor-size-default\">Post Facebook<\/h2>\t\t\t\t<\/div>\n\t\t\t\t<\/div>\n\t\t\t\t<\/div>\n\t\t\t\t\t<\/div>\n\t\t\t\t<\/div>\n\t\t<div class=\"elementor-element elementor-element-7c86614 e-flex e-con-boxed e-con e-parent\" data-id=\"7c86614\" data-element_type=\"container\" data-e-type=\"container\">\n\t\t\t\t\t<div class=\"e-con-inner\">\n\t\t\t\t<div class=\"elementor-element elementor-element-730ef38 elementor-widget-divider--view-line elementor-widget elementor-widget-divider\" data-id=\"730ef38\" data-element_type=\"widget\" data-e-type=\"widget\" data-widget_type=\"divider.default\">\n\t\t\t\t<div class=\"elementor-widget-container\">\n\t\t\t\t\t\t\t<div class=\"elementor-divider\">\n\t\t\t<span class=\"elementor-divider-separator\">\n\t\t\t\t\t\t<\/span>\n\t\t<\/div>\n\t\t\t\t\t\t<\/div>\n\t\t\t\t<\/div>\n\t\t\t\t\t<\/div>\n\t\t\t\t<\/div>\n\t\t<div class=\"elementor-element elementor-element-0d82ac3 e-flex e-con-boxed e-con e-parent\" data-id=\"0d82ac3\" data-element_type=\"container\" data-e-type=\"container\">\n\t\t\t\t\t<div class=\"e-con-inner\">\n\t\t\t\t<div class=\"elementor-element elementor-element-d6e83cf elementor-widget elementor-widget-image\" data-id=\"d6e83cf\" data-element_type=\"widget\" data-e-type=\"widget\" data-widget_type=\"image.default\">\n\t\t\t\t<div class=\"elementor-widget-container\">\n\t\t\t\t\t\t\t\t\t\t\t\t\t\t\t<img fetchpriority=\"high\" decoding=\"async\" width=\"615\" height=\"828\" src=\"https:\/\/lilyallonneau.fr\/wp-content\/uploads\/2025\/11\/Post-Octobre-Rose.jpg\" class=\"attachment-large size-large wp-image-530\" alt=\"\" srcset=\"https:\/\/lilyallonneau.fr\/wp-content\/uploads\/2025\/11\/Post-Octobre-Rose.jpg 615w, https:\/\/lilyallonneau.fr\/wp-content\/uploads\/2025\/11\/Post-Octobre-Rose-223x300.jpg 223w\" sizes=\"(max-width: 615px) 100vw, 615px\" \/>\t\t\t\t\t\t\t\t\t\t\t\t\t\t\t<\/div>\n\t\t\t\t<\/div>\n\t\t\t\t\t<\/div>\n\t\t\t\t<\/div>\n\t\t<div class=\"elementor-element elementor-element-1f874ec e-con-full e-flex e-con e-parent\" data-id=\"1f874ec\" data-element_type=\"container\" data-e-type=\"container\">\n\t\t\t\t<div class=\"elementor-element elementor-element-7f33b02 elementor-widget elementor-widget-text-editor\" data-id=\"7f33b02\" data-element_type=\"widget\" data-e-type=\"widget\" data-widget_type=\"text-editor.default\">\n\t\t\t\t<div class=\"elementor-widget-container\">\n\t\t\t\t\t\t\t\t\t<p style=\"text-align: center;\"><span style=\"font-weight: 400;\">L\u2019id\u00e9e \u00e9tait de mettre en avant l\u2019implication des \u00e9quipes du magasin pour Octobre Rose. Visuellement, j\u2019ai choisi un univers rose, avec des photos des collaborateurs tenant les ballons Octobre Rose de la Ligue contre le cancer, car j\u2019ai remarqu\u00e9 que faire apparaitre les collaborateurs sur les posts humanise la communication et renforce la proximit\u00e9 avec notre public, ce qui g\u00e9n\u00e8re plus d\u2019engagement.<\/span><\/p><p style=\"text-align: center;\"><span style=\"font-weight: 400;\">L\u2019\u00e9tape suivante a \u00e9t\u00e9 d\u2019analyser les indicateurs de performance de ce post, en calculant le taux d\u2019engagement (interactions \/ couverture x 100).<\/span><\/p>\t\t\t\t\t\t\t\t<\/div>\n\t\t\t\t<\/div>\n\t\t\t\t<\/div>\n\t\t<div class=\"elementor-element elementor-element-bdcd9db e-con-full e-flex e-con e-parent\" data-id=\"bdcd9db\" data-element_type=\"container\" data-e-type=\"container\">\n\t\t\t\t<div class=\"elementor-element elementor-element-b5cf8b5 elementor-widget-divider--view-line elementor-widget elementor-widget-divider\" data-id=\"b5cf8b5\" data-element_type=\"widget\" data-e-type=\"widget\" data-widget_type=\"divider.default\">\n\t\t\t\t<div class=\"elementor-widget-container\">\n\t\t\t\t\t\t\t<div class=\"elementor-divider\">\n\t\t\t<span class=\"elementor-divider-separator\">\n\t\t\t\t\t\t<\/span>\n\t\t<\/div>\n\t\t\t\t\t\t<\/div>\n\t\t\t\t<\/div>\n\t\t\t\t<div class=\"elementor-element elementor-element-a838376 elementor-widget elementor-widget-text-editor\" data-id=\"a838376\" data-element_type=\"widget\" data-e-type=\"widget\" data-widget_type=\"text-editor.default\">\n\t\t\t\t<div class=\"elementor-widget-container\">\n\t\t\t\t\t\t\t\t\t<p><b><u>BRIEF CREATIF :<\/u><\/b><\/p><p><b>Contexte :<\/b><span style=\"font-weight: 400;\"> Le centre Leclerc dans lequel je travail est connu pour \u00eatre engag\u00e9e dans des actions solidaires \u00e0 l\u2019\u00e9chelle locale<\/span><span style=\"font-weight: 400;\"><br \/><\/span><span style=\"font-weight: 400;\"> Chaque ann\u00e9e, le magasin participe \u00e0 Octobre Rose en partenariat avec La Ligue contre le cancer, afin de montrer son soutien \u00e0 la Ligue et de mobiliser ses clients gr\u00e2ce aux dons. Le magasin m\u00e8ne diff\u00e9rentes actions en interne : d\u00e9corations roses et arrondi en caisse.<\/span><\/p><p><span style=\"font-weight: 400;\">Ce post sur Facebook a pour r\u00f4le d\u2019\u00eatre un relais digital officiel des actions qui sont men\u00e9es en magasin.<\/span><\/p><p><b>Objectifs<\/b><span style=\"font-weight: 400;\"> : sensibiliser \u00e0 la lutte contre le cancer du sein, valoriser l\u2019engagement du magasin et des \u00e9quipes pour cette cause solidaire, informer les clients de l\u2019action mise en place (arrondis en caisse), encourager la participation et renforcer la mobilisation locale, am\u00e9liorer l\u2019image engag\u00e9e du magasin.<\/span><\/p><p>\u00a0<\/p><p><b>Cibles :<\/b><span style=\"font-weight: 400;\"> clients du magasin pr\u00e9sents sur Facebook (cible principale) ; clients fid\u00e8les et engag\u00e9s qui suivent la page Facebook du magasin (coeur de cible) ; personnes sensibles aux causes solidaires et \u00e0 la pr\u00e9vention sant\u00e9 ; collaborateurs internes susceptibles de partager la publication et d\u2019amplifier sa port\u00e9e (cible relais)<\/span><\/p><p><b>Contraintes :<\/b><span style=\"font-weight: 400;\"> mentionner le partenaire officiel <\/span><b>La Ligue contre le cancer<\/b><span style=\"font-weight: 400;\"> ; diffusion des photos de collaborateurs avec leur accord et leur signature.<\/span><\/p><p><b>Attentes de l\u2019annonceur :<\/b><span style=\"font-weight: 400;\"> post visuellement identifiable comme li\u00e9 \u00e0 Octobre Rose (couleurs, ballons et parapluies de la Ligue) ; contenu positif, solidaire et engageant ; un bon niveau d\u2019interactions pour amplifier la visibilit\u00e9.<\/span><\/p><p><br style=\"font-weight: 400;\" \/><br style=\"font-weight: 400;\" \/><\/p>\t\t\t\t\t\t\t\t<\/div>\n\t\t\t\t<\/div>\n\t\t\t\t<\/div>\n\t\t<div class=\"elementor-element elementor-element-54d55a1 e-flex e-con-boxed e-con e-parent\" data-id=\"54d55a1\" data-element_type=\"container\" data-e-type=\"container\">\n\t\t\t\t\t<div class=\"e-con-inner\">\n\t\t\t\t<div class=\"elementor-element elementor-element-3848dd1 elementor-widget-divider--view-line elementor-widget elementor-widget-divider\" data-id=\"3848dd1\" data-element_type=\"widget\" data-e-type=\"widget\" data-widget_type=\"divider.default\">\n\t\t\t\t<div class=\"elementor-widget-container\">\n\t\t\t\t\t\t\t<div class=\"elementor-divider\">\n\t\t\t<span class=\"elementor-divider-separator\">\n\t\t\t\t\t\t<\/span>\n\t\t<\/div>\n\t\t\t\t\t\t<\/div>\n\t\t\t\t<\/div>\n\t\t\t\t\t<\/div>\n\t\t\t\t<\/div>\n\t\t<div class=\"elementor-element elementor-element-35f7124 e-flex e-con-boxed e-con e-parent\" data-id=\"35f7124\" data-element_type=\"container\" data-e-type=\"container\">\n\t\t\t\t\t<div class=\"e-con-inner\">\n\t\t\t\t<div class=\"elementor-element elementor-element-266b3bb elementor-widget elementor-widget-heading\" data-id=\"266b3bb\" data-element_type=\"widget\" data-e-type=\"widget\" data-widget_type=\"heading.default\">\n\t\t\t\t<div class=\"elementor-widget-container\">\n\t\t\t\t\t<h2 class=\"elementor-heading-title elementor-size-default\">Indicateurs de Performance \u00e0 analyser : <\/h2>\t\t\t\t<\/div>\n\t\t\t\t<\/div>\n\t\t\t\t<div class=\"elementor-element elementor-element-0d6d9bc elementor-widget elementor-widget-text-editor\" data-id=\"0d6d9bc\" data-element_type=\"widget\" data-e-type=\"widget\" data-widget_type=\"text-editor.default\">\n\t\t\t\t<div class=\"elementor-widget-container\">\n\t\t\t\t\t\t\t\t\t<ul><li style=\"font-weight: 400;\" aria-level=\"1\"><span style=\"font-weight: 400;\">Taux de couverture<\/span><\/li><li style=\"font-weight: 400;\" aria-level=\"1\"><span style=\"font-weight: 400;\">Taux d\u2019engagement<\/span><\/li><li style=\"font-weight: 400;\" aria-level=\"1\"><span style=\"font-weight: 400;\">Taux d\u2019interactions<\/span><\/li><\/ul>\t\t\t\t\t\t\t\t<\/div>\n\t\t\t\t<\/div>\n\t\t\t\t\t<\/div>\n\t\t\t\t<\/div>\n\t\t\t\t<\/div>\n\t\t","protected":false},"excerpt":{"rendered":"<p>Production N\u00b01 Post Facebook L\u2019id\u00e9e \u00e9tait de mettre en avant l\u2019implication des \u00e9quipes du magasin pour Octobre Rose. Visuellement, j\u2019ai choisi un univers rose, avec des photos des collaborateurs tenant les ballons Octobre Rose de la Ligue contre le cancer, car j\u2019ai remarqu\u00e9 que faire apparaitre les collaborateurs sur les posts humanise la communication et [&hellip;]<\/p>\n","protected":false},"author":1,"featured_media":0,"parent":0,"menu_order":0,"comment_status":"closed","ping_status":"closed","template":"","meta":{"footnotes":""},"class_list":["post-526","page","type-page","status-publish","hentry"],"_links":{"self":[{"href":"https:\/\/lilyallonneau.fr\/index.php\/wp-json\/wp\/v2\/pages\/526","targetHints":{"allow":["GET"]}}],"collection":[{"href":"https:\/\/lilyallonneau.fr\/index.php\/wp-json\/wp\/v2\/pages"}],"about":[{"href":"https:\/\/lilyallonneau.fr\/index.php\/wp-json\/wp\/v2\/types\/page"}],"author":[{"embeddable":true,"href":"https:\/\/lilyallonneau.fr\/index.php\/wp-json\/wp\/v2\/users\/1"}],"replies":[{"embeddable":true,"href":"https:\/\/lilyallonneau.fr\/index.php\/wp-json\/wp\/v2\/comments?post=526"}],"version-history":[{"count":14,"href":"https:\/\/lilyallonneau.fr\/index.php\/wp-json\/wp\/v2\/pages\/526\/revisions"}],"predecessor-version":[{"id":828,"href":"https:\/\/lilyallonneau.fr\/index.php\/wp-json\/wp\/v2\/pages\/526\/revisions\/828"}],"wp:attachment":[{"href":"https:\/\/lilyallonneau.fr\/index.php\/wp-json\/wp\/v2\/media?parent=526"}],"curies":[{"name":"wp","href":"https:\/\/api.w.org\/{rel}","templated":true}]}}