{"id":545,"date":"2025-11-24T16:01:01","date_gmt":"2025-11-24T15:01:01","guid":{"rendered":"https:\/\/lilyallonneau.fr\/?page_id=545"},"modified":"2026-02-22T18:22:21","modified_gmt":"2026-02-22T17:22:21","slug":"p3-prod-2","status":"publish","type":"page","link":"https:\/\/lilyallonneau.fr\/index.php\/p3-prod-2\/","title":{"rendered":"P1 &#8211; Prod 2"},"content":{"rendered":"\t\t<div data-elementor-type=\"wp-page\" data-elementor-id=\"545\" class=\"elementor elementor-545\">\n\t\t\t\t<div class=\"elementor-element elementor-element-cf2ef5b e-flex e-con-boxed e-con e-parent\" data-id=\"cf2ef5b\" data-element_type=\"container\" data-e-type=\"container\">\n\t\t\t\t\t<div class=\"e-con-inner\">\n\t\t<div class=\"elementor-element elementor-element-8b752de e-con-full e-flex e-con e-child\" data-id=\"8b752de\" data-element_type=\"container\" data-e-type=\"container\">\n\t\t\t\t<div class=\"elementor-element elementor-element-8de780a elementor-widget elementor-widget-heading\" data-id=\"8de780a\" data-element_type=\"widget\" data-e-type=\"widget\" data-widget_type=\"heading.default\">\n\t\t\t\t<div class=\"elementor-widget-container\">\n\t\t\t\t\t<h2 class=\"elementor-heading-title elementor-size-default\">Production N\u00b02<\/h2>\t\t\t\t<\/div>\n\t\t\t\t<\/div>\n\t\t\t\t<div class=\"elementor-element elementor-element-4a5ce5a elementor-widget elementor-widget-heading\" data-id=\"4a5ce5a\" data-element_type=\"widget\" data-e-type=\"widget\" data-widget_type=\"heading.default\">\n\t\t\t\t<div class=\"elementor-widget-container\">\n\t\t\t\t\t<h2 class=\"elementor-heading-title elementor-size-default\">Affichette pour les TPE<\/h2>\t\t\t\t<\/div>\n\t\t\t\t<\/div>\n\t\t\t\t<\/div>\n\t\t\t\t\t<\/div>\n\t\t\t\t<\/div>\n\t\t<div class=\"elementor-element elementor-element-7c86614 e-flex e-con-boxed e-con e-parent\" data-id=\"7c86614\" data-element_type=\"container\" data-e-type=\"container\">\n\t\t\t\t\t<div class=\"e-con-inner\">\n\t\t\t\t<div class=\"elementor-element elementor-element-730ef38 elementor-widget-divider--view-line elementor-widget elementor-widget-divider\" data-id=\"730ef38\" data-element_type=\"widget\" data-e-type=\"widget\" data-widget_type=\"divider.default\">\n\t\t\t\t<div class=\"elementor-widget-container\">\n\t\t\t\t\t\t\t<div class=\"elementor-divider\">\n\t\t\t<span class=\"elementor-divider-separator\">\n\t\t\t\t\t\t<\/span>\n\t\t<\/div>\n\t\t\t\t\t\t<\/div>\n\t\t\t\t<\/div>\n\t\t\t\t\t<\/div>\n\t\t\t\t<\/div>\n\t\t<div class=\"elementor-element elementor-element-0d82ac3 e-flex e-con-boxed e-con e-parent\" data-id=\"0d82ac3\" data-element_type=\"container\" data-e-type=\"container\">\n\t\t\t\t\t<div class=\"e-con-inner\">\n\t\t\t\t<div class=\"elementor-element elementor-element-d6e83cf elementor-widget elementor-widget-image\" data-id=\"d6e83cf\" data-element_type=\"widget\" data-e-type=\"widget\" data-widget_type=\"image.default\">\n\t\t\t\t<div class=\"elementor-widget-container\">\n\t\t\t\t\t\t\t\t\t\t\t\t\t\t\t<img fetchpriority=\"high\" decoding=\"async\" width=\"800\" height=\"700\" src=\"https:\/\/lilyallonneau.fr\/wp-content\/uploads\/2025\/11\/Affichette-TPE-dons.png\" class=\"attachment-large size-large wp-image-529\" alt=\"\" srcset=\"https:\/\/lilyallonneau.fr\/wp-content\/uploads\/2025\/11\/Affichette-TPE-dons.png 945w, https:\/\/lilyallonneau.fr\/wp-content\/uploads\/2025\/11\/Affichette-TPE-dons-300x263.png 300w, https:\/\/lilyallonneau.fr\/wp-content\/uploads\/2025\/11\/Affichette-TPE-dons-768x672.png 768w\" sizes=\"(max-width: 800px) 100vw, 800px\" \/>\t\t\t\t\t\t\t\t\t\t\t\t\t\t\t<\/div>\n\t\t\t\t<\/div>\n\t\t\t\t\t<\/div>\n\t\t\t\t<\/div>\n\t\t<div class=\"elementor-element elementor-element-1f874ec e-con-full e-flex e-con e-parent\" data-id=\"1f874ec\" data-element_type=\"container\" data-e-type=\"container\">\n\t\t\t\t<div class=\"elementor-element elementor-element-7f33b02 elementor-widget elementor-widget-text-editor\" data-id=\"7f33b02\" data-element_type=\"widget\" data-e-type=\"widget\" data-widget_type=\"text-editor.default\">\n\t\t\t\t<div class=\"elementor-widget-container\">\n\t\t\t\t\t\t\t\t\t<p style=\"text-align: center;\">Cette affichette mesure 7cm x 8cm, ce qui permet une visibilit\u00e9 suffisante tout en s\u2019adaptant parfaitement \u00e0 la taille du terminal de paiement.<\/p><p style=\"text-align: center;\">Graphiquement, j\u2019ai opt\u00e9 pour une mise en page tr\u00e8s lisible : un fond rose d\u00e9grad\u00e9, un titre noir tr\u00e8s contrast\u00e9 pour attirer l\u2019\u0153il, et le ruban symbole d\u2019Octobre Rose.<\/p><p style=\"text-align: center;\">J\u2019ai \u00e9galement ajout\u00e9 des exemples d\u2019arrondis, car ils rendent le geste tr\u00e8s concret et facile \u00e0 comprendre.<\/p><p style=\"text-align: center;\">Ces affichettes ont \u00e9t\u00e9 install\u00e9es \u00e0 l\u2019aide d\u2019un aimant, afin d\u2019assurer une tenue propre, durable et facilement repositionnable.\u00a0<\/p>\t\t\t\t\t\t\t\t<\/div>\n\t\t\t\t<\/div>\n\t\t\t\t<\/div>\n\t\t<div class=\"elementor-element elementor-element-bdcd9db e-con-full e-flex e-con e-parent\" data-id=\"bdcd9db\" data-element_type=\"container\" data-e-type=\"container\">\n\t\t\t\t<div class=\"elementor-element elementor-element-b5cf8b5 elementor-widget-divider--view-line elementor-widget elementor-widget-divider\" data-id=\"b5cf8b5\" data-element_type=\"widget\" data-e-type=\"widget\" data-widget_type=\"divider.default\">\n\t\t\t\t<div class=\"elementor-widget-container\">\n\t\t\t\t\t\t\t<div class=\"elementor-divider\">\n\t\t\t<span class=\"elementor-divider-separator\">\n\t\t\t\t\t\t<\/span>\n\t\t<\/div>\n\t\t\t\t\t\t<\/div>\n\t\t\t\t<\/div>\n\t\t\t\t<div class=\"elementor-element elementor-element-a838376 elementor-widget elementor-widget-text-editor\" data-id=\"a838376\" data-element_type=\"widget\" data-e-type=\"widget\" data-widget_type=\"text-editor.default\">\n\t\t\t\t<div class=\"elementor-widget-container\">\n\t\t\t\t\t\t\t\t\t<p><b><u>BRIEF CREATIF :<\/u><\/b><\/p><p><b>1\/ <\/b><span style=\"font-weight: 400;\">E.Leclerc est une enseigne de grande distribution engag\u00e9e dans des actions solidaires aupr\u00e8s de ses clients. Dans le cadre d\u2019Octobre Rose, le magasin soutient La Ligue contre le cancer en permettant aux clients de r\u00e9aliser un don par arrondi en caisse.<\/span><\/p><p><b>2\/ <\/b><span style=\"font-weight: 400;\">Octobre Rose b\u00e9n\u00e9ficie d\u2019une forte reconnaissance publique.<\/span><\/p><p><span style=\"font-weight: 400;\">L\u2019arrondi en caisse est un dispositif tr\u00e8s efficace si les clients sont inform\u00e9s au bon moment.<\/span><\/p><p><span style=\"font-weight: 400;\">L\u2019affichette, plac\u00e9e directement sur les TPE est visible, lisible et intuitive, car les clients la voient en quelques secondes pendant le paiement.<\/span><\/p><p><b>3\/ <\/b><span style=\"font-weight: 400;\">Encourager l\u2019arrondi en caisse en rendant l\u2019action simple et compr\u00e9hensible imm\u00e9diatement ; augmenter le nombre de dons r\u00e9alis\u00e9s pendant tout le mois d\u2019octobre ; renforcer l\u2019image de l\u2019enseigne engag\u00e9e, responsable et solidaire ; informer tout en restant chaleureux, positif et motivant.<\/span><\/p><p>\u00a0<\/p><p><b>4\/ <\/b><span style=\"font-weight: 400;\">Tous les clients du magasin (cible principale) ; familles et personnes sensibles aux causes solidaires (c\u0153ur de cible) ; clients effectuant des achats r\u00e9guliers, davantage susceptibles de faire un don (cible secondaire) : collaborateurs (qui doivent aussi ma\u00eetriser le message pour accompagner les clients).<\/span><\/p><p><b>5\/ <\/b><span style=\"font-weight: 400;\">Respect des codes Octobre Rose (couleur rose, ruban officiel) ; Mention du partenaire : Ligue contre le cancer ; Ne pas promettre de b\u00e9n\u00e9fice direct pour le client<\/span><\/p><p><b>6\/ <\/b><span style=\"font-weight: 400;\">Un visuel simple, clair et percutant comprenant un call-to-action direct : \u00ab Faites un don \u00bb, \u00ab Arrondissez \u00e0 l\u2019euro sup\u00e9rieur \u00bb ; une lecture en moins de 2 secondes ; identifiable imm\u00e9diatement comme Octobre Rose ; message concret (exemples d\u2019arrondi)<\/span><\/p><p><br style=\"font-weight: 400;\" \/><br style=\"font-weight: 400;\" \/><\/p>\t\t\t\t\t\t\t\t<\/div>\n\t\t\t\t<\/div>\n\t\t\t\t<\/div>\n\t\t<div class=\"elementor-element elementor-element-54d55a1 e-flex e-con-boxed e-con e-parent\" data-id=\"54d55a1\" data-element_type=\"container\" data-e-type=\"container\">\n\t\t\t\t\t<div class=\"e-con-inner\">\n\t\t\t\t<div class=\"elementor-element elementor-element-3848dd1 elementor-widget-divider--view-line elementor-widget elementor-widget-divider\" data-id=\"3848dd1\" data-element_type=\"widget\" data-e-type=\"widget\" data-widget_type=\"divider.default\">\n\t\t\t\t<div class=\"elementor-widget-container\">\n\t\t\t\t\t\t\t<div class=\"elementor-divider\">\n\t\t\t<span class=\"elementor-divider-separator\">\n\t\t\t\t\t\t<\/span>\n\t\t<\/div>\n\t\t\t\t\t\t<\/div>\n\t\t\t\t<\/div>\n\t\t\t\t\t<\/div>\n\t\t\t\t<\/div>\n\t\t<div class=\"elementor-element elementor-element-83047df e-flex e-con-boxed e-con e-parent\" data-id=\"83047df\" data-element_type=\"container\" data-e-type=\"container\">\n\t\t\t\t\t<div class=\"e-con-inner\">\n\t\t\t\t<div class=\"elementor-element elementor-element-7237ebb elementor-widget elementor-widget-heading\" data-id=\"7237ebb\" data-element_type=\"widget\" data-e-type=\"widget\" data-widget_type=\"heading.default\">\n\t\t\t\t<div class=\"elementor-widget-container\">\n\t\t\t\t\t<h2 class=\"elementor-heading-title elementor-size-default\">Indicateurs de Performance \u00e0 analyser : <\/h2>\t\t\t\t<\/div>\n\t\t\t\t<\/div>\n\t\t\t\t<div class=\"elementor-element elementor-element-183e38d elementor-widget elementor-widget-text-editor\" data-id=\"183e38d\" data-element_type=\"widget\" data-e-type=\"widget\" data-widget_type=\"text-editor.default\">\n\t\t\t\t<div class=\"elementor-widget-container\">\n\t\t\t\t\t\t\t\t\t<ul><li style=\"font-weight: 400;\" aria-level=\"1\"><span style=\"font-weight: 400;\">Montant total des dons r\u00e9colt\u00e9s<\/span><\/li><li style=\"font-weight: 400;\" aria-level=\"1\"><span style=\"font-weight: 400;\">Taux de participation<\/span><\/li><li style=\"font-weight: 400;\" aria-level=\"1\"><span style=\"font-weight: 400;\">\u00c9volution des dons par rapport aux ann\u00e9es pr\u00e9c\u00e9dentes<\/span><\/li><li style=\"font-weight: 400;\" aria-level=\"1\"><span style=\"font-weight: 400;\">Taux de refus\/acceptation d\u2019arrondir<\/span><\/li><\/ul>\t\t\t\t\t\t\t\t<\/div>\n\t\t\t\t<\/div>\n\t\t\t\t\t<\/div>\n\t\t\t\t<\/div>\n\t\t\t\t<\/div>\n\t\t","protected":false},"excerpt":{"rendered":"<p>Production N\u00b02 Affichette pour les TPE Cette affichette mesure 7cm x 8cm, ce qui permet une visibilit\u00e9 suffisante tout en s\u2019adaptant parfaitement \u00e0 la taille du terminal de paiement. Graphiquement, j\u2019ai opt\u00e9 pour une mise en page tr\u00e8s lisible : un fond rose d\u00e9grad\u00e9, un titre noir tr\u00e8s contrast\u00e9 pour attirer l\u2019\u0153il, et le ruban [&hellip;]<\/p>\n","protected":false},"author":1,"featured_media":0,"parent":0,"menu_order":0,"comment_status":"closed","ping_status":"closed","template":"","meta":{"footnotes":""},"class_list":["post-545","page","type-page","status-publish","hentry"],"_links":{"self":[{"href":"https:\/\/lilyallonneau.fr\/index.php\/wp-json\/wp\/v2\/pages\/545","targetHints":{"allow":["GET"]}}],"collection":[{"href":"https:\/\/lilyallonneau.fr\/index.php\/wp-json\/wp\/v2\/pages"}],"about":[{"href":"https:\/\/lilyallonneau.fr\/index.php\/wp-json\/wp\/v2\/types\/page"}],"author":[{"embeddable":true,"href":"https:\/\/lilyallonneau.fr\/index.php\/wp-json\/wp\/v2\/users\/1"}],"replies":[{"embeddable":true,"href":"https:\/\/lilyallonneau.fr\/index.php\/wp-json\/wp\/v2\/comments?post=545"}],"version-history":[{"count":11,"href":"https:\/\/lilyallonneau.fr\/index.php\/wp-json\/wp\/v2\/pages\/545\/revisions"}],"predecessor-version":[{"id":829,"href":"https:\/\/lilyallonneau.fr\/index.php\/wp-json\/wp\/v2\/pages\/545\/revisions\/829"}],"wp:attachment":[{"href":"https:\/\/lilyallonneau.fr\/index.php\/wp-json\/wp\/v2\/media?parent=545"}],"curies":[{"name":"wp","href":"https:\/\/api.w.org\/{rel}","templated":true}]}}