{"id":554,"date":"2025-11-24T16:20:16","date_gmt":"2025-11-24T15:20:16","guid":{"rendered":"https:\/\/lilyallonneau.fr\/?page_id=554"},"modified":"2026-02-22T18:22:33","modified_gmt":"2026-02-22T17:22:33","slug":"p3-prod-3","status":"publish","type":"page","link":"https:\/\/lilyallonneau.fr\/index.php\/p3-prod-3\/","title":{"rendered":"P1 &#8211; Prod 3"},"content":{"rendered":"\t\t<div data-elementor-type=\"wp-page\" data-elementor-id=\"554\" class=\"elementor elementor-554\">\n\t\t\t\t<div class=\"elementor-element elementor-element-cf2ef5b e-flex e-con-boxed e-con e-parent\" data-id=\"cf2ef5b\" data-element_type=\"container\" data-e-type=\"container\">\n\t\t\t\t\t<div class=\"e-con-inner\">\n\t\t<div class=\"elementor-element elementor-element-8b752de e-con-full e-flex e-con e-child\" data-id=\"8b752de\" data-element_type=\"container\" data-e-type=\"container\">\n\t\t\t\t<div class=\"elementor-element elementor-element-8de780a elementor-widget elementor-widget-heading\" data-id=\"8de780a\" data-element_type=\"widget\" data-e-type=\"widget\" data-widget_type=\"heading.default\">\n\t\t\t\t<div class=\"elementor-widget-container\">\n\t\t\t\t\t<h2 class=\"elementor-heading-title elementor-size-default\">Production N\u00b03<\/h2>\t\t\t\t<\/div>\n\t\t\t\t<\/div>\n\t\t\t\t<div class=\"elementor-element elementor-element-4a5ce5a elementor-widget elementor-widget-heading\" data-id=\"4a5ce5a\" data-element_type=\"widget\" data-e-type=\"widget\" data-widget_type=\"heading.default\">\n\t\t\t\t<div class=\"elementor-widget-container\">\n\t\t\t\t\t<h2 class=\"elementor-heading-title elementor-size-default\">Diaporama r\u00e9capitulatif dons<\/h2>\t\t\t\t<\/div>\n\t\t\t\t<\/div>\n\t\t\t\t<\/div>\n\t\t\t\t\t<\/div>\n\t\t\t\t<\/div>\n\t\t<div class=\"elementor-element elementor-element-7c86614 e-flex e-con-boxed e-con e-parent\" data-id=\"7c86614\" data-element_type=\"container\" data-e-type=\"container\">\n\t\t\t\t\t<div class=\"e-con-inner\">\n\t\t\t\t<div class=\"elementor-element elementor-element-730ef38 elementor-widget-divider--view-line elementor-widget elementor-widget-divider\" data-id=\"730ef38\" data-element_type=\"widget\" data-e-type=\"widget\" data-widget_type=\"divider.default\">\n\t\t\t\t<div class=\"elementor-widget-container\">\n\t\t\t\t\t\t\t<div class=\"elementor-divider\">\n\t\t\t<span class=\"elementor-divider-separator\">\n\t\t\t\t\t\t<\/span>\n\t\t<\/div>\n\t\t\t\t\t\t<\/div>\n\t\t\t\t<\/div>\n\t\t\t\t\t<\/div>\n\t\t\t\t<\/div>\n\t\t<div class=\"elementor-element elementor-element-0d82ac3 e-flex e-con-boxed e-con e-parent\" data-id=\"0d82ac3\" data-element_type=\"container\" data-e-type=\"container\">\n\t\t\t\t\t<div class=\"e-con-inner\">\n\t\t\t\t<div class=\"elementor-element elementor-element-d6e83cf elementor-widget elementor-widget-image\" data-id=\"d6e83cf\" data-element_type=\"widget\" data-e-type=\"widget\" data-widget_type=\"image.default\">\n\t\t\t\t<div class=\"elementor-widget-container\">\n\t\t\t\t\t\t\t\t\t\t\t\t\t\t\t<img fetchpriority=\"high\" decoding=\"async\" width=\"800\" height=\"450\" src=\"https:\/\/lilyallonneau.fr\/wp-content\/uploads\/2025\/11\/Recap-tele-Octobre-Rose-2025-1024x576.png\" class=\"attachment-large size-large wp-image-531\" alt=\"\" srcset=\"https:\/\/lilyallonneau.fr\/wp-content\/uploads\/2025\/11\/Recap-tele-Octobre-Rose-2025-1024x576.png 1024w, https:\/\/lilyallonneau.fr\/wp-content\/uploads\/2025\/11\/Recap-tele-Octobre-Rose-2025-300x169.png 300w, https:\/\/lilyallonneau.fr\/wp-content\/uploads\/2025\/11\/Recap-tele-Octobre-Rose-2025-768x432.png 768w, https:\/\/lilyallonneau.fr\/wp-content\/uploads\/2025\/11\/Recap-tele-Octobre-Rose-2025-1536x864.png 1536w, https:\/\/lilyallonneau.fr\/wp-content\/uploads\/2025\/11\/Recap-tele-Octobre-Rose-2025.png 1920w\" sizes=\"(max-width: 800px) 100vw, 800px\" \/>\t\t\t\t\t\t\t\t\t\t\t\t\t\t\t<\/div>\n\t\t\t\t<\/div>\n\t\t\t\t\t<\/div>\n\t\t\t\t<\/div>\n\t\t<div class=\"elementor-element elementor-element-1f874ec e-con-full e-flex e-con e-parent\" data-id=\"1f874ec\" data-element_type=\"container\" data-e-type=\"container\">\n\t\t\t\t<div class=\"elementor-element elementor-element-7f33b02 elementor-widget elementor-widget-text-editor\" data-id=\"7f33b02\" data-element_type=\"widget\" data-e-type=\"widget\" data-widget_type=\"text-editor.default\">\n\t\t\t\t<div class=\"elementor-widget-container\">\n\t\t\t\t\t\t\t\t\t<p style=\"text-align: center;\">Ce visuel destin\u00e9 aux \u00e9crans d\u2019accueil du Leclerc, diffus\u00e9 pendant la premi\u00e8re quinzaine de novembre pour informer les clients du montant total collect\u00e9.<br \/>Il est au format 1920 x 1080 pixels, avec une colorim\u00e9trie RVB, adapt\u00e9e \u00e0 la diffusion sur \u00e9cran.<br \/>L\u00e0 aussi, j\u2019ai conserv\u00e9 un univers visuel tr\u00e8s \u00e9pur\u00e9 et rose, avec un focus central sur le montant final.<br \/>Ce support permet de remercier les clients, de valoriser leur contribution, et de renforcer la transparence autour de l\u2019op\u00e9ration.<\/p>\t\t\t\t\t\t\t\t<\/div>\n\t\t\t\t<\/div>\n\t\t\t\t<\/div>\n\t\t<div class=\"elementor-element elementor-element-bdcd9db e-con-full e-flex e-con e-parent\" data-id=\"bdcd9db\" data-element_type=\"container\" data-e-type=\"container\">\n\t\t\t\t<div class=\"elementor-element elementor-element-b5cf8b5 elementor-widget-divider--view-line elementor-widget elementor-widget-divider\" data-id=\"b5cf8b5\" data-element_type=\"widget\" data-e-type=\"widget\" data-widget_type=\"divider.default\">\n\t\t\t\t<div class=\"elementor-widget-container\">\n\t\t\t\t\t\t\t<div class=\"elementor-divider\">\n\t\t\t<span class=\"elementor-divider-separator\">\n\t\t\t\t\t\t<\/span>\n\t\t<\/div>\n\t\t\t\t\t\t<\/div>\n\t\t\t\t<\/div>\n\t\t\t\t<div class=\"elementor-element elementor-element-a838376 elementor-widget elementor-widget-text-editor\" data-id=\"a838376\" data-element_type=\"widget\" data-e-type=\"widget\" data-widget_type=\"text-editor.default\">\n\t\t\t\t<div class=\"elementor-widget-container\">\n\t\t\t\t\t\t\t\t\t<p><b><u>BRIEF CREATIF :<\/u><\/b><\/p><p><b>1\/ <\/b><span style=\"font-weight: 400;\">E.Leclerc s\u2019engage chaque ann\u00e9e aux c\u00f4t\u00e9s d\u2019Octobre Rose pour soutenir la pr\u00e9vention et la recherche contre le cancer du sein. Ce diaporama, diffus\u00e9 sur les \u00e9crans du hall d\u2019accueil, a pour objectif de <\/span>communiquer en toute transparence<span style=\"font-weight: 400;\"> le montant total collect\u00e9 gr\u00e2ce aux dons des clients.<\/span><\/p><p><b>2\/ <\/b><span style=\"font-weight: 400;\">\u00c0 la fin d\u2019Octobre Rose, il est essentiel de remercier les clients et collaborateurs.<\/span><\/p><p><span style=\"font-weight: 400;\">Le visuel TV permet de diffuser l\u2019information \u00e0 un flux continu de visiteurs, durant les 15 premiers jours de novembre. La diffusion sur \u00e9cran impose un contenu simple, lisible de loin, avec peu de texte, car les clients sont en mouvement et ne restent pas fix\u00e9s devant l\u2019\u00e9cran.<\/span><\/p><p><b>3\/ <\/b><span style=\"font-weight: 400;\">informer les clients du montant total revers\u00e9 \u00e0 la Ligue contre le cancer ; valoriser la mobilisation locale et remercier les participants ; promouvoir la transparence de <\/span><\/p><p>\u00a0<\/p><p><span style=\"font-weight: 400;\">l\u2019enseigne sur les actions solidaires ; renforcer le sentiment d\u2019appartenance et encourager la participation pour les ann\u00e9es suivantes.\u00a0<\/span><\/p><p><b>4\/ <\/b><span style=\"font-weight: 400;\">Tous les visiteurs du magasin (cible principale) ; clients ayant contribu\u00e9 ou susceptibles de donner lors d\u2019op\u00e9rations futures (coeur de cible) ; personnes sensibles \u00e0 la solidarit\u00e9 et aux actions de pr\u00e9vention sant\u00e9 (cible secondaire) ; collaborateurs dont l\u2019implication est \u00e9galement reconnue (cible relais)<\/span><\/p><p><b>5\/ <\/b><span style=\"font-weight: 400;\">Respect des codes visuels d\u2019Octobre Rose ; logos obligatoires des partenariats ; format t\u00e9l\u00e9visions 1920 \u00d7 1080 px ; colorim\u00e9trie RVB<\/span><\/p><p><b>6\/ <\/b><span style=\"font-weight: 400;\">Un visuel <\/span>impactant<span style=\"font-weight: 400;\">, centr\u00e9 sur le montant final et le message de remerciement ; identit\u00e9 rose imm\u00e9diatement reconnaissable comme Octobre Rose ; mise en page non surcharg\u00e9e ; message valorisant qui renforce la fiert\u00e9 des clients.<\/span><\/p>\t\t\t\t\t\t\t\t<\/div>\n\t\t\t\t<\/div>\n\t\t\t\t<\/div>\n\t\t<div class=\"elementor-element elementor-element-087c5ea e-flex e-con-boxed e-con e-parent\" data-id=\"087c5ea\" data-element_type=\"container\" data-e-type=\"container\">\n\t\t\t\t\t<div class=\"e-con-inner\">\n\t\t\t\t<div class=\"elementor-element elementor-element-6ed83eb elementor-widget-divider--view-line elementor-widget elementor-widget-divider\" data-id=\"6ed83eb\" data-element_type=\"widget\" data-e-type=\"widget\" data-widget_type=\"divider.default\">\n\t\t\t\t<div class=\"elementor-widget-container\">\n\t\t\t\t\t\t\t<div class=\"elementor-divider\">\n\t\t\t<span class=\"elementor-divider-separator\">\n\t\t\t\t\t\t<\/span>\n\t\t<\/div>\n\t\t\t\t\t\t<\/div>\n\t\t\t\t<\/div>\n\t\t\t\t\t<\/div>\n\t\t\t\t<\/div>\n\t\t<div class=\"elementor-element elementor-element-6bbd416 e-flex e-con-boxed e-con e-parent\" data-id=\"6bbd416\" data-element_type=\"container\" data-e-type=\"container\">\n\t\t\t\t\t<div class=\"e-con-inner\">\n\t\t\t\t<div class=\"elementor-element elementor-element-4555b7b elementor-widget elementor-widget-heading\" data-id=\"4555b7b\" data-element_type=\"widget\" data-e-type=\"widget\" data-widget_type=\"heading.default\">\n\t\t\t\t<div class=\"elementor-widget-container\">\n\t\t\t\t\t<h2 class=\"elementor-heading-title elementor-size-default\">Indicateurs de Performance \u00e0 analyser : <\/h2>\t\t\t\t<\/div>\n\t\t\t\t<\/div>\n\t\t\t\t<div class=\"elementor-element elementor-element-ac2ea49 elementor-widget elementor-widget-text-editor\" data-id=\"ac2ea49\" data-element_type=\"widget\" data-e-type=\"widget\" data-widget_type=\"text-editor.default\">\n\t\t\t\t<div class=\"elementor-widget-container\">\n\t\t\t\t\t\t\t\t\t<ul><li><span style=\"font-weight: 400;\">Flux journalier de clients en magasin<\/span><\/li><\/ul>\t\t\t\t\t\t\t\t<\/div>\n\t\t\t\t<\/div>\n\t\t\t\t\t<\/div>\n\t\t\t\t<\/div>\n\t\t\t\t<\/div>\n\t\t","protected":false},"excerpt":{"rendered":"<p>Production N\u00b03 Diaporama r\u00e9capitulatif dons Ce visuel destin\u00e9 aux \u00e9crans d\u2019accueil du Leclerc, diffus\u00e9 pendant la premi\u00e8re quinzaine de novembre pour informer les clients du montant total collect\u00e9.Il est au format 1920 x 1080 pixels, avec une colorim\u00e9trie RVB, adapt\u00e9e \u00e0 la diffusion sur \u00e9cran.L\u00e0 aussi, j\u2019ai conserv\u00e9 un univers visuel tr\u00e8s \u00e9pur\u00e9 et rose, [&hellip;]<\/p>\n","protected":false},"author":1,"featured_media":0,"parent":0,"menu_order":0,"comment_status":"closed","ping_status":"closed","template":"","meta":{"footnotes":""},"class_list":["post-554","page","type-page","status-publish","hentry"],"_links":{"self":[{"href":"https:\/\/lilyallonneau.fr\/index.php\/wp-json\/wp\/v2\/pages\/554","targetHints":{"allow":["GET"]}}],"collection":[{"href":"https:\/\/lilyallonneau.fr\/index.php\/wp-json\/wp\/v2\/pages"}],"about":[{"href":"https:\/\/lilyallonneau.fr\/index.php\/wp-json\/wp\/v2\/types\/page"}],"author":[{"embeddable":true,"href":"https:\/\/lilyallonneau.fr\/index.php\/wp-json\/wp\/v2\/users\/1"}],"replies":[{"embeddable":true,"href":"https:\/\/lilyallonneau.fr\/index.php\/wp-json\/wp\/v2\/comments?post=554"}],"version-history":[{"count":20,"href":"https:\/\/lilyallonneau.fr\/index.php\/wp-json\/wp\/v2\/pages\/554\/revisions"}],"predecessor-version":[{"id":830,"href":"https:\/\/lilyallonneau.fr\/index.php\/wp-json\/wp\/v2\/pages\/554\/revisions\/830"}],"wp:attachment":[{"href":"https:\/\/lilyallonneau.fr\/index.php\/wp-json\/wp\/v2\/media?parent=554"}],"curies":[{"name":"wp","href":"https:\/\/api.w.org\/{rel}","templated":true}]}}