{"id":835,"date":"2026-02-22T18:24:38","date_gmt":"2026-02-22T17:24:38","guid":{"rendered":"https:\/\/lilyallonneau.fr\/?page_id=835"},"modified":"2026-02-27T21:08:35","modified_gmt":"2026-02-27T20:08:35","slug":"projet-2-2","status":"publish","type":"page","link":"https:\/\/lilyallonneau.fr\/index.php\/projet-2-2\/","title":{"rendered":"PROJET 2"},"content":{"rendered":"\t\t<div data-elementor-type=\"wp-page\" data-elementor-id=\"835\" class=\"elementor elementor-835\">\n\t\t\t\t<div class=\"elementor-element elementor-element-cf2ef5b e-flex e-con-boxed e-con e-parent\" data-id=\"cf2ef5b\" data-element_type=\"container\" data-e-type=\"container\">\n\t\t\t\t\t<div class=\"e-con-inner\">\n\t\t<div class=\"elementor-element elementor-element-8b752de e-con-full e-flex e-con e-child\" data-id=\"8b752de\" data-element_type=\"container\" data-e-type=\"container\">\n\t\t\t\t<div class=\"elementor-element elementor-element-8de780a elementor-widget__width-initial elementor-widget elementor-widget-heading\" data-id=\"8de780a\" data-element_type=\"widget\" data-e-type=\"widget\" data-widget_type=\"heading.default\">\n\t\t\t\t<div class=\"elementor-widget-container\">\n\t\t\t\t\t<h2 class=\"elementor-heading-title elementor-size-default\">Projet 2<\/h2>\t\t\t\t<\/div>\n\t\t\t\t<\/div>\n\t\t\t\t<div class=\"elementor-element elementor-element-4a5ce5a elementor-widget elementor-widget-heading\" data-id=\"4a5ce5a\" data-element_type=\"widget\" data-e-type=\"widget\" data-widget_type=\"heading.default\">\n\t\t\t\t<div class=\"elementor-widget-container\">\n\t\t\t\t\t<h2 class=\"elementor-heading-title elementor-size-default\">Ouverture E.Leclerc <span class=\"elementor-heading-title elementor-size-default elementor-inline-editing pen\" data-elementor-setting-key=\"title\" data-pen-placeholder=\"\u00c9crivez ici...\">Drive<\/span><\/h2>\t\t\t\t<\/div>\n\t\t\t\t<\/div>\n\t\t\t\t<\/div>\n\t\t<div class=\"elementor-element elementor-element-10a34e6 e-con-full e-flex e-con e-child\" data-id=\"10a34e6\" data-element_type=\"container\" data-e-type=\"container\">\n\t\t\t\t<div class=\"elementor-element elementor-element-34cd86e elementor-widget elementor-widget-image\" data-id=\"34cd86e\" data-element_type=\"widget\" data-e-type=\"widget\" data-widget_type=\"image.default\">\n\t\t\t\t<div class=\"elementor-widget-container\">\n\t\t\t\t\t\t\t\t\t\t\t\t\t\t\t<img fetchpriority=\"high\" decoding=\"async\" width=\"800\" height=\"800\" src=\"https:\/\/lilyallonneau.fr\/wp-content\/uploads\/2026\/02\/LECLERC-DRIVE-ss-fond-1024x1024.png\" class=\"attachment-large size-large wp-image-973\" alt=\"\" srcset=\"https:\/\/lilyallonneau.fr\/wp-content\/uploads\/2026\/02\/LECLERC-DRIVE-ss-fond-1024x1024.png 1024w, https:\/\/lilyallonneau.fr\/wp-content\/uploads\/2026\/02\/LECLERC-DRIVE-ss-fond-300x300.png 300w, https:\/\/lilyallonneau.fr\/wp-content\/uploads\/2026\/02\/LECLERC-DRIVE-ss-fond-150x150.png 150w, https:\/\/lilyallonneau.fr\/wp-content\/uploads\/2026\/02\/LECLERC-DRIVE-ss-fond-768x768.png 768w, https:\/\/lilyallonneau.fr\/wp-content\/uploads\/2026\/02\/LECLERC-DRIVE-ss-fond.png 1080w\" sizes=\"(max-width: 800px) 100vw, 800px\" \/>\t\t\t\t\t\t\t\t\t\t\t\t\t\t\t<\/div>\n\t\t\t\t<\/div>\n\t\t\t\t<\/div>\n\t\t\t\t\t<\/div>\n\t\t\t\t<\/div>\n\t\t<div class=\"elementor-element elementor-element-bdcd9db e-con-full e-flex e-con e-parent\" data-id=\"bdcd9db\" data-element_type=\"container\" data-e-type=\"container\">\n\t\t\t\t<div class=\"elementor-element elementor-element-a838376 elementor-widget elementor-widget-text-editor\" data-id=\"a838376\" data-element_type=\"widget\" data-e-type=\"widget\" data-widget_type=\"text-editor.default\">\n\t\t\t\t<div class=\"elementor-widget-container\">\n\t\t\t\t\t\t\t\t\t<p style=\"margin: 0px; font-style: normal; font-variant-caps: normal; font-width: normal; font-size: 13px; line-height: normal; font-family: 'Helvetica Neue'; font-size-adjust: none; font-kerning: auto; font-variant-alternates: normal; font-variant-ligatures: normal; font-variant-numeric: normal; font-variant-east-asian: normal; font-variant-position: normal; font-variant-emoji: normal; font-feature-settings: normal; font-optical-sizing: auto; font-variation-settings: normal;\"><b><span style=\"text-decoration: underline;\">BRIEF CREATIF :<\/span>\u00a0<\/b><\/p><p><b>1\/ <\/b><span style=\"font-weight: 400;\">E.Leclerc est une enseigne majeure de la grande distribution en France, connue pour son positionnement autour de la d\u00e9fense du pouvoir d\u2019achat.<\/span><span style=\"font-weight: 400;\"><br \/><\/span><span style=\"font-weight: 400;\"> Le centre E.Leclerc implant\u00e9 \u00e0 Buxerolles souhaite d\u00e9velopper son offre avec l\u2019ouverture d\u2019un nouveau Drive aux Couronneries, visant \u00e0 renforcer sa proximit\u00e9 et son accessibilit\u00e9.<\/span><\/p><p><b>2\/<\/b><span style=\"font-weight: 400;\"> Le march\u00e9 du Drive conna\u00eet une croissance constante, particuli\u00e8rement aupr\u00e8s des actifs et des familles recherchant un gain de temps. <\/span><span style=\"font-weight: 400;\">Le quartier concern\u00e9 repr\u00e9sente une zone strat\u00e9gique car tr\u00e8s r\u00e9sidentielle.\u00a0<\/span><\/p><p><b>3\/<\/b><span style=\"font-weight: 400;\"> Faire conna\u00eetre l\u2019ouverture du Drive ; g\u00e9n\u00e9rer du trafic vers le point de retrait ; valoriser la promesse prix E.Leclerc ; mettre en avant la praticit\u00e9 du syst\u00e8me ; fid\u00e9liser les premiers clients<\/span><\/p><p><b>4\/<\/b><span style=\"font-weight: 400;\"> Les habitants de Buxerolles et Poitiers, familles et actifs 25\u201350 ans (cible principale) ; <\/span><span style=\"font-weight: 400;\">familles\u00a0 recherchant praticit\u00e9 et \u00e9conomies (coeur de cible) ;\u00a0<\/span><span style=\"font-weight: 400;\">jeunes actifs, seniors autonomes, utilisateurs r\u00e9guliers des courses en ligne (cible secondaire), <\/span><span style=\"font-weight: 400;\">communaut\u00e9 Facebook locale et clients d\u00e9j\u00e0 fid\u00e8les \u00e0 l\u2019enseigne (cible relais)<\/span><\/p><p><b>5\/<\/b><span style=\"font-weight: 400;\"> Respect strict de la charte graphique nationale E.Leclerc (logo drive officiel) ; int\u00e9gration du message sant\u00e9 publique : \u00ab Pour votre sant\u00e9, mangez au moins cinq fruits et l\u00e9gumes par jour \u2013 www.mangerbouger.fr \u00bb<\/span><span style=\"font-weight: 400;\"><br \/><\/span><\/p><p><b>6\/<\/b><span style=\"font-weight: 400;\"> Communication claire et imm\u00e9diatement compr\u00e9hensible ; impactante visuellement ; align\u00e9e avec l\u2019ADN prix et proximit\u00e9 ; g\u00e9n\u00e9rer de la notori\u00e9t\u00e9 ; encourager l\u2019essai<\/span><\/p>\t\t\t\t\t\t\t\t<\/div>\n\t\t\t\t<\/div>\n\t\t\t\t<\/div>\n\t\t<div class=\"elementor-element elementor-element-54d55a1 e-flex e-con-boxed e-con e-parent\" data-id=\"54d55a1\" data-element_type=\"container\" data-e-type=\"container\">\n\t\t\t\t\t<div class=\"e-con-inner\">\n\t\t\t\t<div class=\"elementor-element elementor-element-3848dd1 elementor-widget-divider--view-line elementor-widget elementor-widget-divider\" data-id=\"3848dd1\" data-element_type=\"widget\" data-e-type=\"widget\" data-widget_type=\"divider.default\">\n\t\t\t\t<div class=\"elementor-widget-container\">\n\t\t\t\t\t\t\t<div class=\"elementor-divider\">\n\t\t\t<span class=\"elementor-divider-separator\">\n\t\t\t\t\t\t<\/span>\n\t\t<\/div>\n\t\t\t\t\t\t<\/div>\n\t\t\t\t<\/div>\n\t\t\t\t<div class=\"elementor-element elementor-element-f63fdc4 elementor-widget elementor-widget-heading\" data-id=\"f63fdc4\" data-element_type=\"widget\" data-e-type=\"widget\" data-widget_type=\"heading.default\">\n\t\t\t\t<div class=\"elementor-widget-container\">\n\t\t\t\t\t<h2 class=\"elementor-heading-title elementor-size-default\">D\u00e9couvrir mes productions :<\/h2>\t\t\t\t<\/div>\n\t\t\t\t<\/div>\n\t\t\t\t\t<\/div>\n\t\t\t\t<\/div>\n\t\t<div class=\"elementor-element elementor-element-f24fa48 e-flex e-con-boxed e-con e-parent\" data-id=\"f24fa48\" data-element_type=\"container\" data-e-type=\"container\">\n\t\t\t\t\t<div class=\"e-con-inner\">\n\t\t<div class=\"elementor-element elementor-element-3af9863 e-con-full e-flex e-con e-child\" data-id=\"3af9863\" data-element_type=\"container\" data-e-type=\"container\">\n\t\t\t\t<div class=\"elementor-element elementor-element-57da950 elementor-widget elementor-widget-image\" data-id=\"57da950\" data-element_type=\"widget\" data-e-type=\"widget\" data-widget_type=\"image.default\">\n\t\t\t\t<div class=\"elementor-widget-container\">\n\t\t\t\t\t\t\t\t\t\t\t\t\t\t\t\t<a href=\"https:\/\/lilyallonneau.fr\/index.php\/p2-prod-1-2\/\">\n\t\t\t\t\t\t\t<img decoding=\"async\" width=\"800\" height=\"800\" src=\"https:\/\/lilyallonneau.fr\/wp-content\/uploads\/2026\/02\/AFFICHE-A1-ss-fond-1024x1024.png\" class=\"attachment-large size-large wp-image-966\" alt=\"\" srcset=\"https:\/\/lilyallonneau.fr\/wp-content\/uploads\/2026\/02\/AFFICHE-A1-ss-fond-1024x1024.png 1024w, https:\/\/lilyallonneau.fr\/wp-content\/uploads\/2026\/02\/AFFICHE-A1-ss-fond-300x300.png 300w, https:\/\/lilyallonneau.fr\/wp-content\/uploads\/2026\/02\/AFFICHE-A1-ss-fond-150x150.png 150w, https:\/\/lilyallonneau.fr\/wp-content\/uploads\/2026\/02\/AFFICHE-A1-ss-fond-768x768.png 768w, https:\/\/lilyallonneau.fr\/wp-content\/uploads\/2026\/02\/AFFICHE-A1-ss-fond.png 1080w\" sizes=\"(max-width: 800px) 100vw, 800px\" \/>\t\t\t\t\t\t\t\t<\/a>\n\t\t\t\t\t\t\t\t\t\t\t\t\t\t\t<\/div>\n\t\t\t\t<\/div>\n\t\t\t\t<\/div>\n\t\t<div class=\"elementor-element elementor-element-edafa04 e-con-full e-flex e-con e-child\" data-id=\"edafa04\" data-element_type=\"container\" data-e-type=\"container\">\n\t\t\t\t<div class=\"elementor-element elementor-element-150967e elementor-widget elementor-widget-image\" data-id=\"150967e\" data-element_type=\"widget\" data-e-type=\"widget\" data-widget_type=\"image.default\">\n\t\t\t\t<div class=\"elementor-widget-container\">\n\t\t\t\t\t\t\t\t\t\t\t\t\t\t\t\t<a href=\"https:\/\/lilyallonneau.fr\/index.php\/p2-prod-2-2\/\">\n\t\t\t\t\t\t\t<img decoding=\"async\" width=\"800\" height=\"800\" src=\"https:\/\/lilyallonneau.fr\/wp-content\/uploads\/2026\/02\/POST-FACEBOOK-ss-fond-1024x1024.png\" class=\"attachment-large size-large wp-image-968\" alt=\"\" srcset=\"https:\/\/lilyallonneau.fr\/wp-content\/uploads\/2026\/02\/POST-FACEBOOK-ss-fond-1024x1024.png 1024w, https:\/\/lilyallonneau.fr\/wp-content\/uploads\/2026\/02\/POST-FACEBOOK-ss-fond-300x300.png 300w, https:\/\/lilyallonneau.fr\/wp-content\/uploads\/2026\/02\/POST-FACEBOOK-ss-fond-150x150.png 150w, https:\/\/lilyallonneau.fr\/wp-content\/uploads\/2026\/02\/POST-FACEBOOK-ss-fond-768x768.png 768w, https:\/\/lilyallonneau.fr\/wp-content\/uploads\/2026\/02\/POST-FACEBOOK-ss-fond.png 1080w\" sizes=\"(max-width: 800px) 100vw, 800px\" \/>\t\t\t\t\t\t\t\t<\/a>\n\t\t\t\t\t\t\t\t\t\t\t\t\t\t\t<\/div>\n\t\t\t\t<\/div>\n\t\t\t\t<\/div>\n\t\t<div class=\"elementor-element elementor-element-1709f7a e-con-full e-flex e-con e-child\" data-id=\"1709f7a\" data-element_type=\"container\" data-e-type=\"container\">\n\t\t\t\t<div class=\"elementor-element elementor-element-79fa64a elementor-widget elementor-widget-image\" data-id=\"79fa64a\" data-element_type=\"widget\" data-e-type=\"widget\" data-widget_type=\"image.default\">\n\t\t\t\t<div class=\"elementor-widget-container\">\n\t\t\t\t\t\t\t\t\t\t\t\t\t\t\t\t<a href=\"https:\/\/lilyallonneau.fr\/index.php\/p2-prod-2-3\/\">\n\t\t\t\t\t\t\t<img loading=\"lazy\" decoding=\"async\" width=\"800\" height=\"800\" src=\"https:\/\/lilyallonneau.fr\/wp-content\/uploads\/2026\/02\/PANNEAU-SUCETTE-ABRIBUS-ss-fond-1024x1024.png\" class=\"attachment-large size-large wp-image-967\" alt=\"\" srcset=\"https:\/\/lilyallonneau.fr\/wp-content\/uploads\/2026\/02\/PANNEAU-SUCETTE-ABRIBUS-ss-fond-1024x1024.png 1024w, https:\/\/lilyallonneau.fr\/wp-content\/uploads\/2026\/02\/PANNEAU-SUCETTE-ABRIBUS-ss-fond-300x300.png 300w, https:\/\/lilyallonneau.fr\/wp-content\/uploads\/2026\/02\/PANNEAU-SUCETTE-ABRIBUS-ss-fond-150x150.png 150w, https:\/\/lilyallonneau.fr\/wp-content\/uploads\/2026\/02\/PANNEAU-SUCETTE-ABRIBUS-ss-fond-768x768.png 768w, https:\/\/lilyallonneau.fr\/wp-content\/uploads\/2026\/02\/PANNEAU-SUCETTE-ABRIBUS-ss-fond.png 1080w\" sizes=\"(max-width: 800px) 100vw, 800px\" \/>\t\t\t\t\t\t\t\t<\/a>\n\t\t\t\t\t\t\t\t\t\t\t\t\t\t\t<\/div>\n\t\t\t\t<\/div>\n\t\t\t\t<\/div>\n\t\t\t\t\t<\/div>\n\t\t\t\t<\/div>\n\t\t\t\t<\/div>\n\t\t","protected":false},"excerpt":{"rendered":"<p>Projet 2 Ouverture E.Leclerc Drive BRIEF CREATIF :\u00a0 1\/ E.Leclerc est une enseigne majeure de la grande distribution en France, connue pour son positionnement autour de la d\u00e9fense du pouvoir d\u2019achat. Le centre E.Leclerc implant\u00e9 \u00e0 Buxerolles souhaite d\u00e9velopper son offre avec l\u2019ouverture d\u2019un nouveau Drive aux Couronneries, visant \u00e0 renforcer sa proximit\u00e9 et son [&hellip;]<\/p>\n","protected":false},"author":1,"featured_media":0,"parent":0,"menu_order":0,"comment_status":"closed","ping_status":"closed","template":"","meta":{"footnotes":""},"class_list":["post-835","page","type-page","status-publish","hentry"],"_links":{"self":[{"href":"https:\/\/lilyallonneau.fr\/index.php\/wp-json\/wp\/v2\/pages\/835","targetHints":{"allow":["GET"]}}],"collection":[{"href":"https:\/\/lilyallonneau.fr\/index.php\/wp-json\/wp\/v2\/pages"}],"about":[{"href":"https:\/\/lilyallonneau.fr\/index.php\/wp-json\/wp\/v2\/types\/page"}],"author":[{"embeddable":true,"href":"https:\/\/lilyallonneau.fr\/index.php\/wp-json\/wp\/v2\/users\/1"}],"replies":[{"embeddable":true,"href":"https:\/\/lilyallonneau.fr\/index.php\/wp-json\/wp\/v2\/comments?post=835"}],"version-history":[{"count":19,"href":"https:\/\/lilyallonneau.fr\/index.php\/wp-json\/wp\/v2\/pages\/835\/revisions"}],"predecessor-version":[{"id":994,"href":"https:\/\/lilyallonneau.fr\/index.php\/wp-json\/wp\/v2\/pages\/835\/revisions\/994"}],"wp:attachment":[{"href":"https:\/\/lilyallonneau.fr\/index.php\/wp-json\/wp\/v2\/media?parent=835"}],"curies":[{"name":"wp","href":"https:\/\/api.w.org\/{rel}","templated":true}]}}